{"id":1007,"date":"2021-10-11T05:03:43","date_gmt":"2021-10-11T05:03:43","guid":{"rendered":"http:\/\/ibd-gmbh.info\/en\/home\/"},"modified":"2025-05-26T16:33:39","modified_gmt":"2025-05-26T14:33:39","slug":"home","status":"publish","type":"page","link":"http:\/\/ibd-gmbh.info\/en\/","title":{"rendered":"Home"},"content":{"rendered":"\n<div style=\"height:20px\" aria-hidden=\"true\" class=\"wp-block-spacer\"><\/div>\n\n\n\n<div class=\"alignnormal\"><div id=\"metaslider-id-1433\" style=\"width: 100%;\" class=\"ml-slider-3-99-0 metaslider metaslider-flex metaslider-1433 ml-slider hide-navigation-smartphone ms-theme-default\" role=\"region\" aria-label=\"is-DE\" data-width=\"1500\">\n    <div id=\"metaslider_container_1433\">\n        <div id=\"metaslider_1433\">\n            <ul class='slides'>\n                <li style=\"display: block; width: 100%;\" class=\"slide-1728 ms-image \" aria-roledescription=\"slide\" data-date=\"2024-07-19 22:17:36\"><img loading=\"lazy\" decoding=\"async\" src=\"http:\/\/ibd-gmbh.info\/en\/wp-content\/uploads\/2025\/05\/ibd-banner-01.jpg\" height=\"400\" width=\"1500\" alt=\"Ihre Investition in besten H\u00e4nden\" class=\"slider-1433 slide-1728 msDefaultImage\" title=\"Ihre Investition in besten H\u00e4nden\" \/><\/li>\n                <li style=\"display: none; width: 100%;\" class=\"slide-2258 ms-image \" aria-roledescription=\"slide\" data-date=\"2024-08-05 00:47:44\"><img loading=\"lazy\" decoding=\"async\" src=\"http:\/\/ibd-gmbh.info\/en\/wp-content\/uploads\/2025\/05\/ibd-banner-02.jpg\" height=\"400\" width=\"1500\" alt=\"Leistungen nach Ma\u00df\" class=\"slider-1433 slide-2258 msDefaultImage\" title=\"Leistungen nach Ma\u00df\" \/><\/li>\n                <li style=\"display: none; width: 100%;\" class=\"slide-2268 ms-image \" aria-roledescription=\"slide\" data-date=\"2024-08-05 16:12:58\"><img loading=\"lazy\" decoding=\"async\" src=\"http:\/\/ibd-gmbh.info\/en\/wp-content\/uploads\/2025\/05\/ibd-banner-03.jpg\" height=\"400\" width=\"1500\" alt=\"Zukunftsweisende Automatisierung\" class=\"slider-1433 slide-2268 msDefaultImage\" title=\"Zukunftsweisende Automatisierung\" \/><\/li>\n                <li style=\"display: none; width: 100%;\" class=\"slide-3258 ms-image \" aria-roledescription=\"slide\" data-date=\"2025-05-25 00:56:00\"><img loading=\"lazy\" decoding=\"async\" src=\"http:\/\/ibd-gmbh.info\/en\/wp-content\/uploads\/2025\/05\/ibd-banner-04.jpg\" height=\"400\" width=\"1500\" alt=\"Zukunftsweisende Automatisierung\" class=\"slider-1433 slide-3258 msDefaultImage\" title=\"Zukunftsweisende Automatisierung\" \/><\/li>\n                <li style=\"display: none; width: 100%;\" class=\"slide-3260 ms-image \" aria-roledescription=\"slide\" data-date=\"2025-05-25 01:01:28\"><img loading=\"lazy\" decoding=\"async\" src=\"http:\/\/ibd-gmbh.info\/en\/wp-content\/uploads\/2025\/05\/ibd-banner-05.jpg\" height=\"400\" width=\"1500\" alt=\"Zukunftsweisende Automatisierung\" class=\"slider-1433 slide-3260 msDefaultImage\" title=\"Zukunftsweisende Automatisierung\" \/><\/li>\n                <li style=\"display: none; width: 100%;\" class=\"slide-3262 ms-image \" aria-roledescription=\"slide\" data-date=\"2025-05-25 01:01:52\"><img loading=\"lazy\" decoding=\"async\" src=\"http:\/\/ibd-gmbh.info\/en\/wp-content\/uploads\/2025\/05\/ibd-banner-06.jpg\" height=\"400\" width=\"1500\" alt=\"Zukunftsweisende Automatisierung\" class=\"slider-1433 slide-3262 msDefaultImage\" title=\"Zukunftsweisende Automatisierung\" \/><\/li>\n            <\/ul>\n        <\/div>\n        \n    <\/div>\n<\/div><\/div>\n\n\n\n<p><\/p>\n\n\n\n<div style=\"margin-top:0px;height:50px\" aria-hidden=\"true\" class=\"wp-block-spacer\"><\/div>\n\n\n\n<div class=\"wp-block-columns is-layout-flex wp-container-core-columns-is-layout-28f84493 wp-block-columns-is-layout-flex\">\n<div class=\"wp-block-column is-layout-flow wp-block-column-is-layout-flow\">\n<figure class=\"wp-block-image size-full\"><a href=\"http:\/\/ibd-gmbh.info\/en\/leistungen\/filterintegritatstest\/\"><img loading=\"lazy\" decoding=\"async\" width=\"800\" height=\"480\" src=\"http:\/\/ibd-gmbh.info\/en\/wp-content\/uploads\/2025\/05\/ibd-01.jpg\" alt=\"\" class=\"wp-image-3264\" srcset=\"http:\/\/ibd-gmbh.info\/en\/wp-content\/uploads\/2025\/05\/ibd-01.jpg 800w, http:\/\/ibd-gmbh.info\/en\/wp-content\/uploads\/2025\/05\/ibd-01-300x180.jpg 300w, http:\/\/ibd-gmbh.info\/en\/wp-content\/uploads\/2025\/05\/ibd-01-768x461.jpg 768w\" sizes=\"auto, (max-width: 800px) 100vw, 800px\" \/><\/a><\/figure>\n\n\n\n<p class=\"has-text-color has-link-color wp-elements-34fa120526dae3869c15fbf933f6a2f4\" style=\"color:#2b76a2;margin-top:30px;margin-bottom:0px;font-size:18px\"><strong><strong><strong><a href=\"http:\/\/ibd-gmbh.info\/en\/leistungen\/filterintegritatstest\/\">Filterintegrit\u00e4tstest<\/a><\/strong><\/strong><\/strong><\/p>\n\n\n\n<p>Automatisierter Filterintegrit\u00e4tstest an endst\u00e4ndigen Filtermodulen, LF-Modulen, Hei\u00dfluftschr\u00e4nken, Sterilisiertunneln sowie Sonderanlagen.<\/p>\n<\/div>\n\n\n\n<div class=\"wp-block-column is-layout-flow wp-block-column-is-layout-flow\">\n<div class=\"wp-block-group is-layout-constrained wp-block-group-is-layout-constrained\">\n<figure class=\"wp-block-image size-full\"><a href=\"http:\/\/ibd-gmbh.info\/en\/leistungen\/reinraumklassenbestimmung\/\"><img loading=\"lazy\" decoding=\"async\" width=\"800\" height=\"480\" src=\"http:\/\/ibd-gmbh.info\/en\/wp-content\/uploads\/2025\/05\/ibd-02.jpg\" alt=\"\" class=\"wp-image-3268\" srcset=\"http:\/\/ibd-gmbh.info\/en\/wp-content\/uploads\/2025\/05\/ibd-02.jpg 800w, http:\/\/ibd-gmbh.info\/en\/wp-content\/uploads\/2025\/05\/ibd-02-300x180.jpg 300w, http:\/\/ibd-gmbh.info\/en\/wp-content\/uploads\/2025\/05\/ibd-02-768x461.jpg 768w\" sizes=\"auto, (max-width: 800px) 100vw, 800px\" \/><\/a><\/figure>\n\n\n\n<p class=\"has-text-color has-link-color wp-elements-f1b855816237ba7674d4f65909cf574b\" style=\"color:#2b76a2;margin-top:30px;margin-bottom:0px;font-size:18px\"><strong><strong><strong><a href=\"http:\/\/ibd-gmbh.info\/en\/leistungen\/reinraumklassenbestimmung\/\">Reinraumklassenbestimmung<\/a><\/strong><\/strong><\/strong><\/p>\n\n\n\n<p>Durchf\u00fchrung von Partikelmessungen in Reinr\u00e4umen \u201eat rest\u201c zum Nachweis der Reinraumklasse.<\/p>\n<\/div>\n<\/div>\n\n\n\n<div class=\"wp-block-column is-layout-flow wp-block-column-is-layout-flow\">\n<div class=\"wp-block-group is-layout-constrained wp-block-group-is-layout-constrained\">\n<figure class=\"wp-block-image size-full\"><a href=\"http:\/\/ibd-gmbh.info\/en\/leistungen\/erholzeitmessungen\/\"><img loading=\"lazy\" decoding=\"async\" width=\"800\" height=\"480\" src=\"http:\/\/ibd-gmbh.info\/en\/wp-content\/uploads\/2025\/05\/ibd-03.jpg\" alt=\"\" class=\"wp-image-3269\" srcset=\"http:\/\/ibd-gmbh.info\/en\/wp-content\/uploads\/2025\/05\/ibd-03.jpg 800w, http:\/\/ibd-gmbh.info\/en\/wp-content\/uploads\/2025\/05\/ibd-03-300x180.jpg 300w, http:\/\/ibd-gmbh.info\/en\/wp-content\/uploads\/2025\/05\/ibd-03-768x461.jpg 768w\" sizes=\"auto, (max-width: 800px) 100vw, 800px\" \/><\/a><\/figure>\n\n\n\n<p class=\"has-text-color has-link-color wp-elements-27d8ef2401b28bfb700a28e9a4c02e6e\" style=\"color:#2b76a2;margin-top:30px;margin-bottom:0px;font-size:18px\"><strong><strong><strong><a href=\"http:\/\/ibd-gmbh.info\/en\/leistungen\/erholzeitmessungen\/\">Erholzeitmessungen<\/a><\/strong><\/strong><\/strong><\/p>\n\n\n\n<p>Durchf\u00fchrung von automatisierten Erholzeitmessungen in Reinr\u00e4umen \u00fcber unser datenbankbasiertes Monitoring-SystemLaPartMon mit sekundengenauer Bewertung.<\/p>\n<\/div>\n<\/div>\n<\/div>\n\n\n\n<div style=\"height:50px\" aria-hidden=\"true\" class=\"wp-block-spacer\"><\/div>\n\n\n\n<div class=\"wp-block-columns is-layout-flex wp-container-core-columns-is-layout-28f84493 wp-block-columns-is-layout-flex\">\n<div class=\"wp-block-column is-layout-flow wp-block-column-is-layout-flow\">\n<figure class=\"wp-block-image size-full\"><a href=\"http:\/\/ibd-gmbh.info\/en\/leistungen\/partikelmonitoring\/\"><img loading=\"lazy\" decoding=\"async\" width=\"800\" height=\"480\" src=\"http:\/\/ibd-gmbh.info\/en\/wp-content\/uploads\/2025\/05\/ibd-04.jpg\" alt=\"\" class=\"wp-image-3270\" srcset=\"http:\/\/ibd-gmbh.info\/en\/wp-content\/uploads\/2025\/05\/ibd-04.jpg 800w, http:\/\/ibd-gmbh.info\/en\/wp-content\/uploads\/2025\/05\/ibd-04-300x180.jpg 300w, http:\/\/ibd-gmbh.info\/en\/wp-content\/uploads\/2025\/05\/ibd-04-768x461.jpg 768w\" sizes=\"auto, (max-width: 800px) 100vw, 800px\" \/><\/a><\/figure>\n\n\n\n<p class=\"has-text-color has-link-color wp-elements-d06e20e8eb0920f3976ae64d81d35304\" style=\"color:#2b76a2;margin-top:30px;margin-bottom:0px;font-size:18px\"><strong><strong><strong><a href=\"http:\/\/ibd-gmbh.info\/en\/leistungen\/partikelmonitoring\/\">Partikelmonitoring<\/a><\/strong><\/strong><\/strong><\/p>\n\n\n\n<p>Durchf\u00fchrung von Partikelmonitoring in Reinr\u00e4umen \u201ein operation\u201c sowie Partikelmonitoring in Druckluft- bzw. Stickstoffsystemen.<\/p>\n<\/div>\n\n\n\n<div class=\"wp-block-column is-layout-flow wp-block-column-is-layout-flow\">\n<div class=\"wp-block-group is-layout-constrained wp-block-group-is-layout-constrained\">\n<figure class=\"wp-block-image size-full\"><a href=\"http:\/\/ibd-gmbh.info\/en\/leistungen\/stromungsvisualisierungen\/\"><img loading=\"lazy\" decoding=\"async\" width=\"800\" height=\"480\" src=\"http:\/\/ibd-gmbh.info\/en\/wp-content\/uploads\/2025\/05\/ibd-05.jpg\" alt=\"\" class=\"wp-image-3271\" srcset=\"http:\/\/ibd-gmbh.info\/en\/wp-content\/uploads\/2025\/05\/ibd-05.jpg 800w, http:\/\/ibd-gmbh.info\/en\/wp-content\/uploads\/2025\/05\/ibd-05-300x180.jpg 300w, http:\/\/ibd-gmbh.info\/en\/wp-content\/uploads\/2025\/05\/ibd-05-768x461.jpg 768w\" sizes=\"auto, (max-width: 800px) 100vw, 800px\" \/><\/a><\/figure>\n\n\n\n<p class=\"has-text-color has-link-color wp-elements-1a44666161f2449425b9478da0d6ccf7\" style=\"color:#2b76a2;margin-top:30px;margin-bottom:0px;font-size:18px\"><strong><strong><strong><a href=\"http:\/\/ibd-gmbh.info\/en\/leistungen\/stromungsvisualisierungen\/\">Str\u00f6mungsvisualisierungen<\/a><\/strong><\/strong><\/strong><\/p>\n\n\n\n<p>Durchf\u00fchrung von Str\u00f6mungsvisualisierungen zur Darstellung von Luftbewegungen innerhalb von Reinr\u00e4umenmit Einbindung von positionsorientierten, kurzsequentigen Videofiles in Ihre pr\u00e4sentationsreife Dokumentation.<\/p>\n<\/div>\n<\/div>\n\n\n\n<div class=\"wp-block-column is-layout-flow wp-block-column-is-layout-flow\">\n<div class=\"wp-block-group is-layout-constrained wp-block-group-is-layout-constrained\">\n<figure class=\"wp-block-image size-full\"><a href=\"http:\/\/ibd-gmbh.info\/en\/leistungen\/lapartmon\/\"><img loading=\"lazy\" decoding=\"async\" width=\"800\" height=\"480\" src=\"http:\/\/ibd-gmbh.info\/en\/wp-content\/uploads\/2025\/05\/ibd-06.jpg\" alt=\"\" class=\"wp-image-3272\" srcset=\"http:\/\/ibd-gmbh.info\/en\/wp-content\/uploads\/2025\/05\/ibd-06.jpg 800w, http:\/\/ibd-gmbh.info\/en\/wp-content\/uploads\/2025\/05\/ibd-06-300x180.jpg 300w, http:\/\/ibd-gmbh.info\/en\/wp-content\/uploads\/2025\/05\/ibd-06-768x461.jpg 768w\" sizes=\"auto, (max-width: 800px) 100vw, 800px\" \/><\/a><\/figure>\n\n\n\n<p class=\"has-text-color has-link-color wp-elements-fa3d38e8de48808f88b53a6ff50dff1f\" style=\"color:#2b76a2;margin-top:30px;margin-bottom:0px;font-size:18px\"><strong><strong><strong><a href=\"http:\/\/ibd-gmbh.info\/en\/leistungen\/lapartmon\/\">LaPartMon<\/a><\/strong><\/strong><\/strong><\/p>\n\n\n\n<p>LaPartMon ist unser datenbankbasiertes Monitoring-System zur analytischen Kontrolle (Echtzeitvideo) der Partikelkontamination in Reinr\u00e4umen mit Anbindung an SAP.<\/p>\n<\/div>\n<\/div>\n<\/div>\n\n\n\n<div style=\"height:50px\" aria-hidden=\"true\" class=\"wp-block-spacer\"><\/div>\n","protected":false},"excerpt":{"rendered":"<p>Filterintegrit\u00e4tstest Automatisierter Filterintegrit\u00e4tstest an endst\u00e4ndigen Filtermodulen, LF-Modulen, Hei\u00dfluftschr\u00e4nken, Sterilisiertunneln sowie Sonderanlagen. Reinraumklassenbestimmung Durchf\u00fchrung von Partikelmessungen in Reinr\u00e4umen \u201eat rest\u201c zum Nachweis der Reinraumklasse. Erholzeitmessungen Durchf\u00fchrung von automatisierten Erholzeitmessungen in Reinr\u00e4umen \u00fcber unser datenbankbasiertes Monitoring-SystemLaPartMon mit sekundengenauer Bewertung. Partikelmonitoring Durchf\u00fchrung von Partikelmonitoring in Reinr\u00e4umen \u201ein operation\u201c sowie Partikelmonitoring in Druckluft- bzw. Stickstoffsystemen. Str\u00f6mungsvisualisierungen Durchf\u00fchrung von Str\u00f6mungsvisualisierungen [&hellip;]<\/p>\n","protected":false},"author":1,"featured_media":0,"parent":0,"menu_order":0,"comment_status":"closed","ping_status":"closed","template":"","meta":{"_uag_custom_page_level_css":"","site-sidebar-layout":"no-sidebar","site-content-layout":"plain-container","ast-site-content-layout":"normal-width-container","site-content-style":"unboxed","site-sidebar-style":"unboxed","ast-global-header-display":"","ast-banner-title-visibility":"","ast-main-header-display":"","ast-hfb-above-header-display":"","ast-hfb-below-header-display":"","ast-hfb-mobile-header-display":"","site-post-title":"disabled","ast-breadcrumbs-content":"","ast-featured-img":"disabled","footer-sml-layout":"","theme-transparent-header-meta":"default","adv-header-id-meta":"","stick-header-meta":"","header-above-stick-meta":"","header-main-stick-meta":"","header-below-stick-meta":"","astra-migrate-meta-layouts":"set","ast-page-background-enabled":"default","ast-page-background-meta":{"desktop":{"background-color":"var(--ast-global-color-4)","background-image":"","background-repeat":"repeat","background-position":"center center","background-size":"auto","background-attachment":"scroll","background-type":"","background-media":"","overlay-type":"","overlay-color":"","overlay-opacity":"","overlay-gradient":""},"tablet":{"background-color":"","background-image":"","background-repeat":"repeat","background-position":"center center","background-size":"auto","background-attachment":"scroll","background-type":"","background-media":"","overlay-type":"","overlay-color":"","overlay-opacity":"","overlay-gradient":""},"mobile":{"background-color":"","background-image":"","background-repeat":"repeat","background-position":"center center","background-size":"auto","background-attachment":"scroll","background-type":"","background-media":"","overlay-type":"","overlay-color":"","overlay-opacity":"","overlay-gradient":""}},"ast-content-background-meta":{"desktop":{"background-color":"var(--ast-global-color-5)","background-image":"","background-repeat":"repeat","background-position":"center center","background-size":"auto","background-attachment":"scroll","background-type":"","background-media":"","overlay-type":"","overlay-color":"","overlay-opacity":"","overlay-gradient":""},"tablet":{"background-color":"var(--ast-global-color-5)","background-image":"","background-repeat":"repeat","background-position":"center center","background-size":"auto","background-attachment":"scroll","background-type":"","background-media":"","overlay-type":"","overlay-color":"","overlay-opacity":"","overlay-gradient":""},"mobile":{"background-color":"var(--ast-global-color-5)","background-image":"","background-repeat":"repeat","background-position":"center center","background-size":"auto","background-attachment":"scroll","background-type":"","background-media":"","overlay-type":"","overlay-color":"","overlay-opacity":"","overlay-gradient":""}},"footnotes":""},"class_list":["post-1007","page","type-page","status-publish","hentry"],"yoast_head":"<!-- This site is optimized with the Yoast SEO plugin v25.3 - https:\/\/yoast.com\/wordpress\/plugins\/seo\/ -->\n<title>IBD Ingenieur-B\u00fcro Dorfner GmbH - Dienstleistungen f\u00fcr den Reinraum<\/title>\n<meta name=\"description\" content=\"Als etablierter Dienstleiter f\u00fcr physikalische Validierungen in Reinr\u00e4umen von Unternehmen der pharmazeutischen Industrie bietet die Ingenieur-B\u00fcro Dorfner GmbH eine umfangreiche Bandbreite von Qualifizierungsarbeiten an. Dabei liegt der Fokus auf der Partikelmesstechnik an installierten Reinraumanlagen.\" \/>\n<meta name=\"robots\" content=\"index, follow, max-snippet:-1, max-image-preview:large, max-video-preview:-1\" \/>\n<link rel=\"canonical\" href=\"http:\/\/ibd-gmbh.info\/en\/\" \/>\n<meta property=\"og:locale\" content=\"en_US\" \/>\n<meta property=\"og:type\" content=\"article\" \/>\n<meta property=\"og:title\" content=\"IBD Ingenieur-B\u00fcro Dorfner GmbH - Dienstleistungen f\u00fcr den Reinraum\" \/>\n<meta property=\"og:description\" content=\"Als etablierter Dienstleiter f\u00fcr physikalische Validierungen in Reinr\u00e4umen von Unternehmen der pharmazeutischen Industrie bietet die Ingenieur-B\u00fcro Dorfner GmbH eine umfangreiche Bandbreite von Qualifizierungsarbeiten an. Dabei liegt der Fokus auf der Partikelmesstechnik an installierten Reinraumanlagen.\" \/>\n<meta property=\"og:url\" content=\"http:\/\/ibd-gmbh.info\/en\/\" \/>\n<meta property=\"og:site_name\" content=\"IBD Ingenieur-B\u00fcro Dorfner GmbH\" \/>\n<meta property=\"article:modified_time\" content=\"2025-05-26T14:33:39+00:00\" \/>\n<meta property=\"og:image\" content=\"http:\/\/ibd-gmbh.info\/en\/wp-content\/uploads\/2025\/05\/ibd-01.jpg\" \/>\n<meta name=\"twitter:card\" content=\"summary_large_image\" \/>\n<meta name=\"twitter:label1\" content=\"Est. reading time\" \/>\n\t<meta name=\"twitter:data1\" content=\"2 minutes\" \/>\n<script type=\"application\/ld+json\" class=\"yoast-schema-graph\">{\"@context\":\"https:\/\/schema.org\",\"@graph\":[{\"@type\":\"WebPage\",\"@id\":\"http:\/\/ibd-gmbh.info\/en\/\",\"url\":\"http:\/\/ibd-gmbh.info\/en\/\",\"name\":\"IBD Ingenieur-B\u00fcro Dorfner GmbH - Dienstleistungen f\u00fcr den Reinraum\",\"isPartOf\":{\"@id\":\"http:\/\/ibd-gmbh.info\/en\/#website\"},\"primaryImageOfPage\":{\"@id\":\"http:\/\/ibd-gmbh.info\/en\/#primaryimage\"},\"image\":{\"@id\":\"http:\/\/ibd-gmbh.info\/en\/#primaryimage\"},\"thumbnailUrl\":\"http:\/\/ibd-gmbh.info\/en\/wp-content\/uploads\/2025\/05\/ibd-01.jpg\",\"datePublished\":\"2021-10-11T05:03:43+00:00\",\"dateModified\":\"2025-05-26T14:33:39+00:00\",\"description\":\"Als etablierter Dienstleiter f\u00fcr physikalische Validierungen in Reinr\u00e4umen von Unternehmen der pharmazeutischen Industrie bietet die Ingenieur-B\u00fcro Dorfner GmbH eine umfangreiche Bandbreite von Qualifizierungsarbeiten an. Dabei liegt der Fokus auf der Partikelmesstechnik an installierten Reinraumanlagen.\",\"breadcrumb\":{\"@id\":\"http:\/\/ibd-gmbh.info\/en\/#breadcrumb\"},\"inLanguage\":\"en-US\",\"potentialAction\":[{\"@type\":\"ReadAction\",\"target\":[\"http:\/\/ibd-gmbh.info\/en\/\"]}]},{\"@type\":\"ImageObject\",\"inLanguage\":\"en-US\",\"@id\":\"http:\/\/ibd-gmbh.info\/en\/#primaryimage\",\"url\":\"http:\/\/ibd-gmbh.info\/en\/wp-content\/uploads\/2025\/05\/ibd-01.jpg\",\"contentUrl\":\"http:\/\/ibd-gmbh.info\/en\/wp-content\/uploads\/2025\/05\/ibd-01.jpg\",\"width\":800,\"height\":480},{\"@type\":\"BreadcrumbList\",\"@id\":\"http:\/\/ibd-gmbh.info\/en\/#breadcrumb\",\"itemListElement\":[{\"@type\":\"ListItem\",\"position\":1,\"name\":\"Home\",\"item\":\"http:\/\/ibd-gmbh.info\/en\/\"},{\"@type\":\"ListItem\",\"position\":2,\"name\":\"Home\"}]},{\"@type\":\"WebSite\",\"@id\":\"http:\/\/ibd-gmbh.info\/en\/#website\",\"url\":\"http:\/\/ibd-gmbh.info\/en\/\",\"name\":\"IBD Ingenieur-B\u00fcro Dorfner GmbH\",\"description\":\"Dienstleistungen f\u00fcr den Reinraum\",\"publisher\":{\"@id\":\"http:\/\/ibd-gmbh.info\/en\/#organization\"},\"potentialAction\":[{\"@type\":\"SearchAction\",\"target\":{\"@type\":\"EntryPoint\",\"urlTemplate\":\"http:\/\/ibd-gmbh.info\/en\/?s={search_term_string}\"},\"query-input\":{\"@type\":\"PropertyValueSpecification\",\"valueRequired\":true,\"valueName\":\"search_term_string\"}}],\"inLanguage\":\"en-US\"},{\"@type\":\"Organization\",\"@id\":\"http:\/\/ibd-gmbh.info\/en\/#organization\",\"name\":\"KKR GmbH\",\"url\":\"http:\/\/ibd-gmbh.info\/en\/\",\"logo\":{\"@type\":\"ImageObject\",\"inLanguage\":\"en-US\",\"@id\":\"http:\/\/ibd-gmbh.info\/en\/#\/schema\/logo\/image\/\",\"url\":\"http:\/\/ibd-gmbh.info\/en\/wp-content\/uploads\/2025\/05\/banners-Website-IBD-2025.jpg\",\"contentUrl\":\"http:\/\/ibd-gmbh.info\/en\/wp-content\/uploads\/2025\/05\/banners-Website-IBD-2025.jpg\",\"width\":512,\"height\":512,\"caption\":\"KKR GmbH\"},\"image\":{\"@id\":\"http:\/\/ibd-gmbh.info\/en\/#\/schema\/logo\/image\/\"}}]}<\/script>\n<!-- \/ Yoast SEO plugin. -->","yoast_head_json":{"title":"IBD Ingenieur-B\u00fcro Dorfner GmbH - Dienstleistungen f\u00fcr den Reinraum","description":"Als etablierter Dienstleiter f\u00fcr physikalische Validierungen in Reinr\u00e4umen von Unternehmen der pharmazeutischen Industrie bietet die Ingenieur-B\u00fcro Dorfner GmbH eine umfangreiche Bandbreite von Qualifizierungsarbeiten an. Dabei liegt der Fokus auf der Partikelmesstechnik an installierten Reinraumanlagen.","robots":{"index":"index","follow":"follow","max-snippet":"max-snippet:-1","max-image-preview":"max-image-preview:large","max-video-preview":"max-video-preview:-1"},"canonical":"http:\/\/ibd-gmbh.info\/en\/","og_locale":"en_US","og_type":"article","og_title":"IBD Ingenieur-B\u00fcro Dorfner GmbH - Dienstleistungen f\u00fcr den Reinraum","og_description":"Als etablierter Dienstleiter f\u00fcr physikalische Validierungen in Reinr\u00e4umen von Unternehmen der pharmazeutischen Industrie bietet die Ingenieur-B\u00fcro Dorfner GmbH eine umfangreiche Bandbreite von Qualifizierungsarbeiten an. Dabei liegt der Fokus auf der Partikelmesstechnik an installierten Reinraumanlagen.","og_url":"http:\/\/ibd-gmbh.info\/en\/","og_site_name":"IBD Ingenieur-B\u00fcro Dorfner GmbH","article_modified_time":"2025-05-26T14:33:39+00:00","og_image":[{"url":"http:\/\/ibd-gmbh.info\/en\/wp-content\/uploads\/2025\/05\/ibd-01.jpg","type":"","width":"","height":""}],"twitter_card":"summary_large_image","twitter_misc":{"Est. reading time":"2 minutes"},"schema":{"@context":"https:\/\/schema.org","@graph":[{"@type":"WebPage","@id":"http:\/\/ibd-gmbh.info\/en\/","url":"http:\/\/ibd-gmbh.info\/en\/","name":"IBD Ingenieur-B\u00fcro Dorfner GmbH - Dienstleistungen f\u00fcr den Reinraum","isPartOf":{"@id":"http:\/\/ibd-gmbh.info\/en\/#website"},"primaryImageOfPage":{"@id":"http:\/\/ibd-gmbh.info\/en\/#primaryimage"},"image":{"@id":"http:\/\/ibd-gmbh.info\/en\/#primaryimage"},"thumbnailUrl":"http:\/\/ibd-gmbh.info\/en\/wp-content\/uploads\/2025\/05\/ibd-01.jpg","datePublished":"2021-10-11T05:03:43+00:00","dateModified":"2025-05-26T14:33:39+00:00","description":"Als etablierter Dienstleiter f\u00fcr physikalische Validierungen in Reinr\u00e4umen von Unternehmen der pharmazeutischen Industrie bietet die Ingenieur-B\u00fcro Dorfner GmbH eine umfangreiche Bandbreite von Qualifizierungsarbeiten an. Dabei liegt der Fokus auf der Partikelmesstechnik an installierten Reinraumanlagen.","breadcrumb":{"@id":"http:\/\/ibd-gmbh.info\/en\/#breadcrumb"},"inLanguage":"en-US","potentialAction":[{"@type":"ReadAction","target":["http:\/\/ibd-gmbh.info\/en\/"]}]},{"@type":"ImageObject","inLanguage":"en-US","@id":"http:\/\/ibd-gmbh.info\/en\/#primaryimage","url":"http:\/\/ibd-gmbh.info\/en\/wp-content\/uploads\/2025\/05\/ibd-01.jpg","contentUrl":"http:\/\/ibd-gmbh.info\/en\/wp-content\/uploads\/2025\/05\/ibd-01.jpg","width":800,"height":480},{"@type":"BreadcrumbList","@id":"http:\/\/ibd-gmbh.info\/en\/#breadcrumb","itemListElement":[{"@type":"ListItem","position":1,"name":"Home","item":"http:\/\/ibd-gmbh.info\/en\/"},{"@type":"ListItem","position":2,"name":"Home"}]},{"@type":"WebSite","@id":"http:\/\/ibd-gmbh.info\/en\/#website","url":"http:\/\/ibd-gmbh.info\/en\/","name":"IBD Ingenieur-B\u00fcro Dorfner GmbH","description":"Dienstleistungen f\u00fcr den Reinraum","publisher":{"@id":"http:\/\/ibd-gmbh.info\/en\/#organization"},"potentialAction":[{"@type":"SearchAction","target":{"@type":"EntryPoint","urlTemplate":"http:\/\/ibd-gmbh.info\/en\/?s={search_term_string}"},"query-input":{"@type":"PropertyValueSpecification","valueRequired":true,"valueName":"search_term_string"}}],"inLanguage":"en-US"},{"@type":"Organization","@id":"http:\/\/ibd-gmbh.info\/en\/#organization","name":"KKR GmbH","url":"http:\/\/ibd-gmbh.info\/en\/","logo":{"@type":"ImageObject","inLanguage":"en-US","@id":"http:\/\/ibd-gmbh.info\/en\/#\/schema\/logo\/image\/","url":"http:\/\/ibd-gmbh.info\/en\/wp-content\/uploads\/2025\/05\/banners-Website-IBD-2025.jpg","contentUrl":"http:\/\/ibd-gmbh.info\/en\/wp-content\/uploads\/2025\/05\/banners-Website-IBD-2025.jpg","width":512,"height":512,"caption":"KKR GmbH"},"image":{"@id":"http:\/\/ibd-gmbh.info\/en\/#\/schema\/logo\/image\/"}}]}},"uagb_featured_image_src":{"full":false,"thumbnail":false,"medium":false,"medium_large":false,"large":false,"1536x1536":false,"2048x2048":false},"uagb_author_info":{"display_name":"is","author_link":"http:\/\/ibd-gmbh.info\/en\/author\/is\/"},"uagb_comment_info":0,"uagb_excerpt":"Filterintegrit\u00e4tstest Automatisierter Filterintegrit\u00e4tstest an endst\u00e4ndigen Filtermodulen, LF-Modulen, Hei\u00dfluftschr\u00e4nken, Sterilisiertunneln sowie Sonderanlagen. Reinraumklassenbestimmung Durchf\u00fchrung von Partikelmessungen in Reinr\u00e4umen \u201eat rest\u201c zum Nachweis der Reinraumklasse. Erholzeitmessungen Durchf\u00fchrung von automatisierten Erholzeitmessungen in Reinr\u00e4umen \u00fcber unser datenbankbasiertes Monitoring-SystemLaPartMon mit sekundengenauer Bewertung. Partikelmonitoring Durchf\u00fchrung von Partikelmonitoring in Reinr\u00e4umen \u201ein operation\u201c sowie Partikelmonitoring in Druckluft- bzw. Stickstoffsystemen. Str\u00f6mungsvisualisierungen Durchf\u00fchrung von Str\u00f6mungsvisualisierungen&hellip;","_links":{"self":[{"href":"http:\/\/ibd-gmbh.info\/en\/wp-json\/wp\/v2\/pages\/1007","targetHints":{"allow":["GET"]}}],"collection":[{"href":"http:\/\/ibd-gmbh.info\/en\/wp-json\/wp\/v2\/pages"}],"about":[{"href":"http:\/\/ibd-gmbh.info\/en\/wp-json\/wp\/v2\/types\/page"}],"author":[{"embeddable":true,"href":"http:\/\/ibd-gmbh.info\/en\/wp-json\/wp\/v2\/users\/1"}],"replies":[{"embeddable":true,"href":"http:\/\/ibd-gmbh.info\/en\/wp-json\/wp\/v2\/comments?post=1007"}],"version-history":[{"count":0,"href":"http:\/\/ibd-gmbh.info\/en\/wp-json\/wp\/v2\/pages\/1007\/revisions"}],"wp:attachment":[{"href":"http:\/\/ibd-gmbh.info\/en\/wp-json\/wp\/v2\/media?parent=1007"}],"curies":[{"name":"wp","href":"https:\/\/api.w.org\/{rel}","templated":true}]}}