{"id":2144,"date":"2024-08-04T19:01:13","date_gmt":"2024-08-04T17:01:13","guid":{"rendered":"http:\/\/ibd-gmbh.info\/en\/?page_id=2144"},"modified":"2025-05-28T16:55:07","modified_gmt":"2025-05-28T14:55:07","slug":"filterintegritatstest","status":"publish","type":"page","link":"http:\/\/ibd-gmbh.info\/en\/leistungen\/filterintegritatstest\/","title":{"rendered":"Filterintegrit\u00e4tstest"},"content":{"rendered":"\n<p class=\"has-text-color has-link-color has-medium-font-size wp-elements-5f0f50e353c4da34d9f81dcdf63a3592\" style=\"color:#245dab\">Filterintegrit\u00e4tstest<\/p>\n\n\n\n<p>Automatisierter Filterintegrit\u00e4tstest an endst\u00e4ndigen Filtermodulen, LF-Modulen, Hei\u00dfluftschr\u00e4nken, Sterilisiertunneln sowie Sonderanlagen.<\/p>\n\n\n\n<div style=\"height:50px\" aria-hidden=\"true\" class=\"wp-block-spacer\"><\/div>\n\n\n\n<div class=\"wp-block-columns is-layout-flex wp-container-core-columns-is-layout-28f84493 wp-block-columns-is-layout-flex\">\n<div class=\"wp-block-column is-layout-flow wp-block-column-is-layout-flow\" style=\"flex-basis:33.33%\">\n<figure class=\"wp-block-image size-full\"><a href=\"http:\/\/www.infrasolution.ag\/scs\/\" target=\"_blank\" rel=\" noreferrer noopener\"><img loading=\"lazy\" decoding=\"async\" width=\"300\" height=\"124\" src=\"http:\/\/ibd-gmbh.info\/en\/wp-content\/uploads\/2025\/05\/scs-gmbh-logo.png\" alt=\"\" class=\"wp-image-3297\"\/><\/a><\/figure>\n<\/div>\n\n\n\n<div class=\"wp-block-column is-layout-flow wp-block-column-is-layout-flow\" style=\"flex-basis:66.66%\">\n<p>F\u00fcr weiterf\u00fchrende Informationen \u00fcber unsere automatisierten Filterintegrit\u00e4tstests besuchen Sie doch gerne die <a href=\"http:\/\/www.infrasolution.ag\/scs\/\" target=\"_blank\" rel=\"noreferrer noopener\">Webseite der SmartCleanroomSolutions<\/a> GmbH. Diese ist ebenfalls ein Teil der InfraSolution AG und bietet umfassende Einblicke in unserer innovative robotischen L\u00f6sungen f\u00fcr automatisierte Filterintegrit\u00e4tstests in Reinr\u00e4umen und an Reinraumanlagen.<\/p>\n<\/div>\n<\/div>\n\n\n\n<p class=\"has-link-color wp-elements-f11289e5a47debec131873c359f8abf7\"><\/p>\n\n\n\n<p><\/p>\n","protected":false},"excerpt":{"rendered":"<p>Filterintegrit\u00e4tstest Automatisierter Filterintegrit\u00e4tstest an endst\u00e4ndigen Filtermodulen, LF-Modulen, Hei\u00dfluftschr\u00e4nken, Sterilisiertunneln sowie Sonderanlagen. F\u00fcr weiterf\u00fchrende Informationen \u00fcber unsere automatisierten Filterintegrit\u00e4tstests besuchen Sie doch gerne die Webseite der SmartCleanroomSolutions GmbH. Diese ist ebenfalls ein Teil der InfraSolution AG und bietet umfassende Einblicke in unserer innovative robotischen L\u00f6sungen f\u00fcr automatisierte Filterintegrit\u00e4tstests in Reinr\u00e4umen und an Reinraumanlagen.<\/p>\n","protected":false},"author":1,"featured_media":0,"parent":2891,"menu_order":0,"comment_status":"closed","ping_status":"closed","template":"","meta":{"_uag_custom_page_level_css":"","site-sidebar-layout":"default","site-content-layout":"","ast-site-content-layout":"default","site-content-style":"default","site-sidebar-style":"default","ast-global-header-display":"","ast-banner-title-visibility":"","ast-main-header-display":"","ast-hfb-above-header-display":"","ast-hfb-below-header-display":"","ast-hfb-mobile-header-display":"","site-post-title":"disabled","ast-breadcrumbs-content":"","ast-featured-img":"","footer-sml-layout":"","theme-transparent-header-meta":"","adv-header-id-meta":"","stick-header-meta":"","header-above-stick-meta":"","header-main-stick-meta":"","header-below-stick-meta":"","astra-migrate-meta-layouts":"set","ast-page-background-enabled":"default","ast-page-background-meta":{"desktop":{"background-color":"var(--ast-global-color-4)","background-image":"","background-repeat":"repeat","background-position":"center center","background-size":"auto","background-attachment":"scroll","background-type":"","background-media":"","overlay-type":"","overlay-color":"","overlay-opacity":"","overlay-gradient":""},"tablet":{"background-color":"","background-image":"","background-repeat":"repeat","background-position":"center center","background-size":"auto","background-attachment":"scroll","background-type":"","background-media":"","overlay-type":"","overlay-color":"","overlay-opacity":"","overlay-gradient":""},"mobile":{"background-color":"","background-image":"","background-repeat":"repeat","background-position":"center center","background-size":"auto","background-attachment":"scroll","background-type":"","background-media":"","overlay-type":"","overlay-color":"","overlay-opacity":"","overlay-gradient":""}},"ast-content-background-meta":{"desktop":{"background-color":"var(--ast-global-color-5)","background-image":"","background-repeat":"repeat","background-position":"center center","background-size":"auto","background-attachment":"scroll","background-type":"","background-media":"","overlay-type":"","overlay-color":"","overlay-opacity":"","overlay-gradient":""},"tablet":{"background-color":"var(--ast-global-color-5)","background-image":"","background-repeat":"repeat","background-position":"center center","background-size":"auto","background-attachment":"scroll","background-type":"","background-media":"","overlay-type":"","overlay-color":"","overlay-opacity":"","overlay-gradient":""},"mobile":{"background-color":"var(--ast-global-color-5)","background-image":"","background-repeat":"repeat","background-position":"center center","background-size":"auto","background-attachment":"scroll","background-type":"","background-media":"","overlay-type":"","overlay-color":"","overlay-opacity":"","overlay-gradient":""}},"footnotes":""},"class_list":["post-2144","page","type-page","status-publish","hentry"],"yoast_head":"<!-- This site is optimized with the Yoast SEO plugin v25.3 - https:\/\/yoast.com\/wordpress\/plugins\/seo\/ -->\n<title>Filterintegrit\u00e4tstest - IBD Ingenieur-B\u00fcro Dorfner GmbH<\/title>\n<meta name=\"description\" content=\"Automatisierter Filterintegrit\u00e4tstest an endst\u00e4ndigen Filtermodulen, LF-Modulen, Hei\u00dfluftschr\u00e4nken, Sterilisiertunneln sowie Sonderanlagen.\" \/>\n<meta name=\"robots\" content=\"index, follow, max-snippet:-1, max-image-preview:large, max-video-preview:-1\" \/>\n<link rel=\"canonical\" href=\"http:\/\/ibd-gmbh.info\/en\/leistungen\/filterintegritatstest\/\" \/>\n<meta property=\"og:locale\" content=\"en_US\" \/>\n<meta property=\"og:type\" content=\"article\" \/>\n<meta property=\"og:title\" content=\"Filterintegrit\u00e4tstest - IBD Ingenieur-B\u00fcro Dorfner GmbH\" \/>\n<meta property=\"og:description\" content=\"Automatisierter Filterintegrit\u00e4tstest an endst\u00e4ndigen Filtermodulen, LF-Modulen, Hei\u00dfluftschr\u00e4nken, Sterilisiertunneln sowie Sonderanlagen.\" \/>\n<meta property=\"og:url\" content=\"http:\/\/ibd-gmbh.info\/en\/leistungen\/filterintegritatstest\/\" \/>\n<meta property=\"og:site_name\" content=\"IBD Ingenieur-B\u00fcro Dorfner GmbH\" \/>\n<meta property=\"article:modified_time\" content=\"2025-05-28T14:55:07+00:00\" \/>\n<meta property=\"og:image\" content=\"http:\/\/ibd-gmbh.info\/en\/wp-content\/uploads\/2025\/05\/scs-gmbh-logo.png\" \/>\n\t<meta property=\"og:image:width\" content=\"300\" \/>\n\t<meta property=\"og:image:height\" content=\"124\" \/>\n\t<meta property=\"og:image:type\" content=\"image\/png\" \/>\n<meta name=\"twitter:card\" content=\"summary_large_image\" \/>\n<meta name=\"twitter:label1\" content=\"Est. reading time\" \/>\n\t<meta name=\"twitter:data1\" content=\"1 minute\" \/>\n<script type=\"application\/ld+json\" class=\"yoast-schema-graph\">{\"@context\":\"https:\/\/schema.org\",\"@graph\":[{\"@type\":\"WebPage\",\"@id\":\"http:\/\/ibd-gmbh.info\/en\/leistungen\/filterintegritatstest\/\",\"url\":\"http:\/\/ibd-gmbh.info\/en\/leistungen\/filterintegritatstest\/\",\"name\":\"Filterintegrit\u00e4tstest - IBD Ingenieur-B\u00fcro Dorfner GmbH\",\"isPartOf\":{\"@id\":\"http:\/\/ibd-gmbh.info\/en\/#website\"},\"primaryImageOfPage\":{\"@id\":\"http:\/\/ibd-gmbh.info\/en\/leistungen\/filterintegritatstest\/#primaryimage\"},\"image\":{\"@id\":\"http:\/\/ibd-gmbh.info\/en\/leistungen\/filterintegritatstest\/#primaryimage\"},\"thumbnailUrl\":\"http:\/\/ibd-gmbh.info\/en\/wp-content\/uploads\/2025\/05\/scs-gmbh-logo.png\",\"datePublished\":\"2024-08-04T17:01:13+00:00\",\"dateModified\":\"2025-05-28T14:55:07+00:00\",\"description\":\"Automatisierter Filterintegrit\u00e4tstest an endst\u00e4ndigen Filtermodulen, LF-Modulen, Hei\u00dfluftschr\u00e4nken, Sterilisiertunneln sowie Sonderanlagen.\",\"breadcrumb\":{\"@id\":\"http:\/\/ibd-gmbh.info\/en\/leistungen\/filterintegritatstest\/#breadcrumb\"},\"inLanguage\":\"en-US\",\"potentialAction\":[{\"@type\":\"ReadAction\",\"target\":[\"http:\/\/ibd-gmbh.info\/en\/leistungen\/filterintegritatstest\/\"]}]},{\"@type\":\"ImageObject\",\"inLanguage\":\"en-US\",\"@id\":\"http:\/\/ibd-gmbh.info\/en\/leistungen\/filterintegritatstest\/#primaryimage\",\"url\":\"http:\/\/ibd-gmbh.info\/en\/wp-content\/uploads\/2025\/05\/scs-gmbh-logo.png\",\"contentUrl\":\"http:\/\/ibd-gmbh.info\/en\/wp-content\/uploads\/2025\/05\/scs-gmbh-logo.png\",\"width\":300,\"height\":124},{\"@type\":\"BreadcrumbList\",\"@id\":\"http:\/\/ibd-gmbh.info\/en\/leistungen\/filterintegritatstest\/#breadcrumb\",\"itemListElement\":[{\"@type\":\"ListItem\",\"position\":1,\"name\":\"Home\",\"item\":\"http:\/\/ibd-gmbh.info\/en\/\"},{\"@type\":\"ListItem\",\"position\":2,\"name\":\"Leistungen\",\"item\":\"http:\/\/ibd-gmbh.info\/en\/leistungen\/\"},{\"@type\":\"ListItem\",\"position\":3,\"name\":\"Filterintegrit\u00e4tstest\"}]},{\"@type\":\"WebSite\",\"@id\":\"http:\/\/ibd-gmbh.info\/en\/#website\",\"url\":\"http:\/\/ibd-gmbh.info\/en\/\",\"name\":\"IBD Ingenieur-B\u00fcro Dorfner GmbH\",\"description\":\"Dienstleistungen f\u00fcr den Reinraum\",\"publisher\":{\"@id\":\"http:\/\/ibd-gmbh.info\/en\/#organization\"},\"potentialAction\":[{\"@type\":\"SearchAction\",\"target\":{\"@type\":\"EntryPoint\",\"urlTemplate\":\"http:\/\/ibd-gmbh.info\/en\/?s={search_term_string}\"},\"query-input\":{\"@type\":\"PropertyValueSpecification\",\"valueRequired\":true,\"valueName\":\"search_term_string\"}}],\"inLanguage\":\"en-US\"},{\"@type\":\"Organization\",\"@id\":\"http:\/\/ibd-gmbh.info\/en\/#organization\",\"name\":\"KKR GmbH\",\"url\":\"http:\/\/ibd-gmbh.info\/en\/\",\"logo\":{\"@type\":\"ImageObject\",\"inLanguage\":\"en-US\",\"@id\":\"http:\/\/ibd-gmbh.info\/en\/#\/schema\/logo\/image\/\",\"url\":\"http:\/\/ibd-gmbh.info\/en\/wp-content\/uploads\/2025\/05\/banners-Website-IBD-2025.jpg\",\"contentUrl\":\"http:\/\/ibd-gmbh.info\/en\/wp-content\/uploads\/2025\/05\/banners-Website-IBD-2025.jpg\",\"width\":512,\"height\":512,\"caption\":\"KKR GmbH\"},\"image\":{\"@id\":\"http:\/\/ibd-gmbh.info\/en\/#\/schema\/logo\/image\/\"}}]}<\/script>\n<!-- \/ Yoast SEO plugin. -->","yoast_head_json":{"title":"Filterintegrit\u00e4tstest - IBD Ingenieur-B\u00fcro Dorfner GmbH","description":"Automatisierter Filterintegrit\u00e4tstest an endst\u00e4ndigen Filtermodulen, LF-Modulen, Hei\u00dfluftschr\u00e4nken, Sterilisiertunneln sowie Sonderanlagen.","robots":{"index":"index","follow":"follow","max-snippet":"max-snippet:-1","max-image-preview":"max-image-preview:large","max-video-preview":"max-video-preview:-1"},"canonical":"http:\/\/ibd-gmbh.info\/en\/leistungen\/filterintegritatstest\/","og_locale":"en_US","og_type":"article","og_title":"Filterintegrit\u00e4tstest - IBD Ingenieur-B\u00fcro Dorfner GmbH","og_description":"Automatisierter Filterintegrit\u00e4tstest an endst\u00e4ndigen Filtermodulen, LF-Modulen, Hei\u00dfluftschr\u00e4nken, Sterilisiertunneln sowie Sonderanlagen.","og_url":"http:\/\/ibd-gmbh.info\/en\/leistungen\/filterintegritatstest\/","og_site_name":"IBD Ingenieur-B\u00fcro Dorfner GmbH","article_modified_time":"2025-05-28T14:55:07+00:00","og_image":[{"width":300,"height":124,"url":"http:\/\/ibd-gmbh.info\/en\/wp-content\/uploads\/2025\/05\/scs-gmbh-logo.png","type":"image\/png"}],"twitter_card":"summary_large_image","twitter_misc":{"Est. reading time":"1 minute"},"schema":{"@context":"https:\/\/schema.org","@graph":[{"@type":"WebPage","@id":"http:\/\/ibd-gmbh.info\/en\/leistungen\/filterintegritatstest\/","url":"http:\/\/ibd-gmbh.info\/en\/leistungen\/filterintegritatstest\/","name":"Filterintegrit\u00e4tstest - IBD Ingenieur-B\u00fcro Dorfner GmbH","isPartOf":{"@id":"http:\/\/ibd-gmbh.info\/en\/#website"},"primaryImageOfPage":{"@id":"http:\/\/ibd-gmbh.info\/en\/leistungen\/filterintegritatstest\/#primaryimage"},"image":{"@id":"http:\/\/ibd-gmbh.info\/en\/leistungen\/filterintegritatstest\/#primaryimage"},"thumbnailUrl":"http:\/\/ibd-gmbh.info\/en\/wp-content\/uploads\/2025\/05\/scs-gmbh-logo.png","datePublished":"2024-08-04T17:01:13+00:00","dateModified":"2025-05-28T14:55:07+00:00","description":"Automatisierter Filterintegrit\u00e4tstest an endst\u00e4ndigen Filtermodulen, LF-Modulen, Hei\u00dfluftschr\u00e4nken, Sterilisiertunneln sowie Sonderanlagen.","breadcrumb":{"@id":"http:\/\/ibd-gmbh.info\/en\/leistungen\/filterintegritatstest\/#breadcrumb"},"inLanguage":"en-US","potentialAction":[{"@type":"ReadAction","target":["http:\/\/ibd-gmbh.info\/en\/leistungen\/filterintegritatstest\/"]}]},{"@type":"ImageObject","inLanguage":"en-US","@id":"http:\/\/ibd-gmbh.info\/en\/leistungen\/filterintegritatstest\/#primaryimage","url":"http:\/\/ibd-gmbh.info\/en\/wp-content\/uploads\/2025\/05\/scs-gmbh-logo.png","contentUrl":"http:\/\/ibd-gmbh.info\/en\/wp-content\/uploads\/2025\/05\/scs-gmbh-logo.png","width":300,"height":124},{"@type":"BreadcrumbList","@id":"http:\/\/ibd-gmbh.info\/en\/leistungen\/filterintegritatstest\/#breadcrumb","itemListElement":[{"@type":"ListItem","position":1,"name":"Home","item":"http:\/\/ibd-gmbh.info\/en\/"},{"@type":"ListItem","position":2,"name":"Leistungen","item":"http:\/\/ibd-gmbh.info\/en\/leistungen\/"},{"@type":"ListItem","position":3,"name":"Filterintegrit\u00e4tstest"}]},{"@type":"WebSite","@id":"http:\/\/ibd-gmbh.info\/en\/#website","url":"http:\/\/ibd-gmbh.info\/en\/","name":"IBD Ingenieur-B\u00fcro Dorfner GmbH","description":"Dienstleistungen f\u00fcr den Reinraum","publisher":{"@id":"http:\/\/ibd-gmbh.info\/en\/#organization"},"potentialAction":[{"@type":"SearchAction","target":{"@type":"EntryPoint","urlTemplate":"http:\/\/ibd-gmbh.info\/en\/?s={search_term_string}"},"query-input":{"@type":"PropertyValueSpecification","valueRequired":true,"valueName":"search_term_string"}}],"inLanguage":"en-US"},{"@type":"Organization","@id":"http:\/\/ibd-gmbh.info\/en\/#organization","name":"KKR GmbH","url":"http:\/\/ibd-gmbh.info\/en\/","logo":{"@type":"ImageObject","inLanguage":"en-US","@id":"http:\/\/ibd-gmbh.info\/en\/#\/schema\/logo\/image\/","url":"http:\/\/ibd-gmbh.info\/en\/wp-content\/uploads\/2025\/05\/banners-Website-IBD-2025.jpg","contentUrl":"http:\/\/ibd-gmbh.info\/en\/wp-content\/uploads\/2025\/05\/banners-Website-IBD-2025.jpg","width":512,"height":512,"caption":"KKR GmbH"},"image":{"@id":"http:\/\/ibd-gmbh.info\/en\/#\/schema\/logo\/image\/"}}]}},"uagb_featured_image_src":{"full":false,"thumbnail":false,"medium":false,"medium_large":false,"large":false,"1536x1536":false,"2048x2048":false},"uagb_author_info":{"display_name":"is","author_link":"http:\/\/ibd-gmbh.info\/en\/author\/is\/"},"uagb_comment_info":0,"uagb_excerpt":"Filterintegrit\u00e4tstest Automatisierter Filterintegrit\u00e4tstest an endst\u00e4ndigen Filtermodulen, LF-Modulen, Hei\u00dfluftschr\u00e4nken, Sterilisiertunneln sowie Sonderanlagen. F\u00fcr weiterf\u00fchrende Informationen \u00fcber unsere automatisierten Filterintegrit\u00e4tstests besuchen Sie doch gerne die Webseite der SmartCleanroomSolutions GmbH. Diese ist ebenfalls ein Teil der InfraSolution AG und bietet umfassende Einblicke in unserer innovative robotischen L\u00f6sungen f\u00fcr automatisierte Filterintegrit\u00e4tstests in Reinr\u00e4umen und an Reinraumanlagen.","_links":{"self":[{"href":"http:\/\/ibd-gmbh.info\/en\/wp-json\/wp\/v2\/pages\/2144","targetHints":{"allow":["GET"]}}],"collection":[{"href":"http:\/\/ibd-gmbh.info\/en\/wp-json\/wp\/v2\/pages"}],"about":[{"href":"http:\/\/ibd-gmbh.info\/en\/wp-json\/wp\/v2\/types\/page"}],"author":[{"embeddable":true,"href":"http:\/\/ibd-gmbh.info\/en\/wp-json\/wp\/v2\/users\/1"}],"replies":[{"embeddable":true,"href":"http:\/\/ibd-gmbh.info\/en\/wp-json\/wp\/v2\/comments?post=2144"}],"version-history":[{"count":0,"href":"http:\/\/ibd-gmbh.info\/en\/wp-json\/wp\/v2\/pages\/2144\/revisions"}],"up":[{"embeddable":true,"href":"http:\/\/ibd-gmbh.info\/en\/wp-json\/wp\/v2\/pages\/2891"}],"wp:attachment":[{"href":"http:\/\/ibd-gmbh.info\/en\/wp-json\/wp\/v2\/media?parent=2144"}],"curies":[{"name":"wp","href":"https:\/\/api.w.org\/{rel}","templated":true}]}}