{"id":2169,"date":"2024-08-04T21:42:29","date_gmt":"2024-08-04T19:42:29","guid":{"rendered":"http:\/\/ibd-gmbh.info\/en\/?page_id=2169"},"modified":"2025-05-28T19:11:45","modified_gmt":"2025-05-28T17:11:45","slug":"impressum","status":"publish","type":"page","link":"http:\/\/ibd-gmbh.info\/en\/unternehmen\/impressum\/","title":{"rendered":"Impressum"},"content":{"rendered":"\n<p><strong>Ingenieur-B\u00fcro Dorfner GmbH<\/strong><br>S\u00fcdliche Ringstr. 256 \u2013 D-63225 Langen<br>Tel.: +49 (0) 6103 2020 333 \u2013 Fax.: +49 (0) 6103 2020 337<br>E-Mail: info@ibd-gmbh.com \u2013 www.ibd-gmbh.com<br>Gesch\u00e4ftsf\u00fchrung:<br>Dipl.-Ing. Manfred Dorfner<br>Dipl.-Ing. Gunter H\u00e4nel<br>Sitz: Langen \/ Hessen<br>HRB 43850 O\ufb00enbach a.M.<br>St.-Nr. 35 236 21503<br>USt.-Id Nr.: DE 212 971 497<\/p>\n\n\n\n<p><strong>Copyright<\/strong><\/p>\n\n\n\n<p>Die Inhalte des Internetauftritts der Ingenieur-B\u00fcro Dorfner GmbH sind urheberrechtlich gesch\u00fctzt. Alle Rechte sind vorbehalten. Gegen die Bestimmungen des Urheberrechtes verst\u00f6\u00dft die Nutzung der Inhalte, Texte und Grafiken oder Abbildungen dieser Website ohne die vorherige schriftliche Genehmigung durch die Ingenieur-B\u00fcro Dorfner GmbH und ist somit rechtswidrig. Im Besonderen gilt dieser Grundsatz auch f\u00fcr alle Verwertungsrechte wie die Vervielf\u00e4ltigung, die \u00dcbersetzung oder die Nutzung in elektronischen Systemen oder Datenbanken. Auf unserer Homepage werden Logos, Handelsnahmen, Gebrauchsmuster sowie eingetragene Marken verwendet. Es gelten die entsprechenden gesetzlichen Bestimmungen, auch wenn diese an den jeweiligen Stellen nicht als solche gekennzeichnet sind.<\/p>\n\n\n\n<p><strong>Disclaimer \u2013 Haftungsbeschr\u00e4nkung<\/strong><\/p>\n\n\n\n<p>Die Ingenieur-B\u00fcro Dorfner GmbH ist bestrebt, die auf dieser Website bereitgestellten Inhalte aktuell und korrekt zu halten. Dennoch sind Unklarheiten oder Fehler nicht komplett auszuschlie\u00dfen.<br>Aus diesem Grund \u00fcbernimmt die Ingenieur-B\u00fcro Dorfner GmbH keine Gew\u00e4hr f\u00fcr die Qualit\u00e4t, Aktualit\u00e4t, Vollst\u00e4ndigkeit oder Korrektheit der bereitgestellten Informationen. F\u00fcr Sch\u00e4den materieller oder immaterieller Art, die durch die Verwendung oder Nichtnutzung der dargebotenen Informationen bzw. durch die Nutzung fehlerhafter und unvollst\u00e4ndiger Informationen unmittelbar oder mittelbar verursacht werden, haftet die Ingenieur-B\u00fcro Dorfner GmbH nicht, sofern ihr nicht nachweislich vors\u00e4tzliches oder grob fahrl\u00e4ssiges Verschulden zur Last f\u00e4llt.<br>Mit der reinen Nutzung der Internetpr\u00e4senz kommt keinerlei Vertragsverh\u00e4ltnis zwischen dem Nutzer und der Ingenieur-B\u00fcro Dorfner GmbH zustande.<br>Die Ingenieur-B\u00fcro Dorfner GmbH beh\u00e4lt es sich vor, Teile des Internetangebots oder das gesamte Angebot ohne gesonderte Ank\u00fcndigung zu erg\u00e4nzen, zu l\u00f6schen oder zu ver\u00e4ndern. Ebenso beh\u00e4lt es sich die Ingenieur-B\u00fcro Dorfner GmbH vor, die Internetpr\u00e4senz zeitweise oder komplett zu beenden.<\/p>\n\n\n\n<p><strong>Datenschutzerkl\u00e4rung<\/strong><\/p>\n\n\n\n<p><strong>Grundlegendes<\/strong><\/p>\n\n\n\n<p>Diese Datenschutzerkl\u00e4rung soll die Nutzer dieser Website \u00fcber die Art, den Umfang und den Zweck der Erhebung und Verwendung personenbezogener Daten durch den Websitebetreiber<br>Ingenieur-B\u00fcro Dorfner GmbH, S\u00fcdliche Ringstra\u00dfe 256, 63225 Langen informieren.<br>Der Websitebetreiber nimmt Ihren Datenschutz sehr ernst und behandelt Ihre personenbezogenen Daten vertraulich und entsprechend der gesetzlichen Vorschriften. Da durch neue Technologien und die st\u00e4ndige Weiterentwicklung dieser Webseite \u00c4nderungen an dieser Datenschutzerkl\u00e4rung vorgenommen werden k\u00f6nnen, empfehlen wir Ihnen sich die Datenschutzerkl\u00e4rung in regelm\u00e4\u00dfigen Abst\u00e4nden wieder durchzulesen.<br>Definitionen der verwendeten Begriffe (z.B. \u201cpersonenbezogene Daten\u201d oder \u201cVerarbeitung\u201d) finden Sie in Art. 4 DSGVO.<\/p>\n\n\n\n<p><strong>Zugriffsdaten<\/strong><\/p>\n\n\n\n<p>Wir, der Websitebetreiber bzw. Seitenprovider, erheben aufgrund unseres berechtigten Interesses (s. Art. 6 Abs. 1 lit. f. DSGVO) Daten \u00fcber Zugriffe auf die Website und speichern diese als \u201cServer-Logfiles\u201d auf dem Server der Website ab. Folgende Daten werden so protokolliert:<\/p>\n\n\n\n<p>\u2022 Besuchte Website<br>\u2022 Uhrzeit zum Zeitpunkt des Zugriffes<br>\u2022 Menge der gesendeten Daten in Byte<br>\u2022 Quelle\/Verweis, von welchem Sie auf die Seite gelangten<br>\u2022 Verwendeter Browser<br>\u2022 Verwendetes Betriebssystem<br>\u2022 Verwendete IP-Adresse<\/p>\n\n\n\n<p>Die Server-Logfiles werden f\u00fcr maximal 7 Tage gespeichert und anschlie\u00dfend gel\u00f6scht. Die Speicherung der Daten erfolgt aus Sicherheitsgr\u00fcnden, um z. B. Missbrauchsf\u00e4lle aufkl\u00e4ren zu k\u00f6nnen. M\u00fcssen Daten aus Beweisgr\u00fcnden aufgehoben werden, sind sie solange von der L\u00f6schung ausgenommen bis der Vorfall endg\u00fcltig gekl\u00e4rt ist.<\/p>\n\n\n\n<p><strong>Erfassung und Verarbeitung personenbezogener Daten<\/strong><\/p>\n\n\n\n<p>Der Websitebetreiber erhebt, nutzt und gibt Ihre personenbezogenen Daten nur dann weiter, wenn dies im gesetzlichen Rahmen erlaubt ist oder Sie in die Datenerhebung einwilligen.<br>Als personenbezogene Daten gelten s\u00e4mtliche Informationen, welche dazu dienen, Ihre Person zu bestimmen und welche zu Ihnen zur\u00fcckverfolgt werden k\u00f6nnen \u2013 also beispielsweise Ihr Name, Ihre E-Mail-Adresse und Telefonnummer.<br>Diese Website k\u00f6nnen Sie auch besuchen, ohne Angaben zu Ihrer Person zu machen. Zur Verbesserung unseres Online-Angebotes speichern wir jedoch (ohne Personenbezug) Ihre Zugriffsdaten auf diese Website. Zu diesen Zugriffsdaten geh\u00f6ren z. B. die von Ihnen angeforderte Datei oder der Name Ihres Internet-Providers. Durch die Anonymisierung der Daten sind R\u00fcckschl\u00fcsse auf Ihre Person nicht m\u00f6glich.<\/p>\n\n\n\n<p><strong>Rechte des Nutzers<\/strong><\/p>\n\n\n\n<p>Sie haben als Nutzer das Recht, auf Antrag eine kostenlose Auskunft dar\u00fcber zu erhalten, welche personenbezogenen Daten \u00fcber Sie gespeichert wurden. Sie haben au\u00dferdem das Recht auf Berichtigung falscher Daten und auf die Verarbeitungseinschr\u00e4nkung oder L\u00f6schung Ihrer personenbezogenen Daten. Falls zutreffend, k\u00f6nnen Sie auch Ihr Recht auf Datenportabilit\u00e4t geltend machen. Sollten Sie annehmen, dass Ihre Daten unrechtm\u00e4\u00dfig verarbeitet wurden, k\u00f6nnen Sie eine Beschwerde bei der zust\u00e4ndigen Aufsichtsbeh\u00f6rde einreichen.<\/p>\n\n\n\n<p><strong>L\u00f6schung von Daten<\/strong><\/p>\n\n\n\n<p>Sofern Ihr Wunsch nicht mit einer gesetzlichen Pflicht zur Aufbewahrung von Daten (z. B. Vorratsdatenspeicherung) kollidiert, haben Sie ein Anrecht auf L\u00f6schung Ihrer Daten. Von uns gespeicherte Daten werden, sollten sie f\u00fcr ihre Zweckbestimmung nicht mehr vonn\u00f6ten sein und es keine gesetzlichen Aufbewahrungsfristen geben, gel\u00f6scht. Falls eine L\u00f6schung nicht durchgef\u00fchrt werden kann, da die Daten f\u00fcr zul\u00e4ssige gesetzliche Zwecke erforderlich sind, erfolgt eine Einschr\u00e4nkung der Datenverarbeitung. In diesem Fall werden die Daten gesperrt und nicht f\u00fcr andere Zwecke verarbeitet.<\/p>\n\n\n\n<p><strong>Widerspruchsrecht<\/strong><\/p>\n\n\n\n<p>Nutzer dieser Webseite k\u00f6nnen von ihrem Widerspruchsrecht Gebrauch machen und der Verarbeitung ihrer personenbezogenen Daten zu jeder Zeit widersprechen.<br>Wenn Sie eine Berichtigung, Sperrung, L\u00f6schung oder Auskunft \u00fcber die zu Ihrer Person gespeicherten personenbezogenen Daten w\u00fcnschen oder Fragen bzgl. der Erhebung, Verarbeitung oder Verwendung Ihrer personenbezogenen Daten haben oder erteilte Einwilligungen widerrufen m\u00f6chten, wenden Sie sich bitte an folgende E-Mail-Adresse: info@ibd-gmbh.com<\/p>\n\n\n\n<p><\/p>\n","protected":false},"excerpt":{"rendered":"<p>Ingenieur-B\u00fcro Dorfner GmbHS\u00fcdliche Ringstr. 256 \u2013 D-63225 LangenTel.: +49 (0) 6103 2020 333 \u2013 Fax.: +49 (0) 6103 2020 337E-Mail: info@ibd-gmbh.com \u2013 www.ibd-gmbh.comGesch\u00e4ftsf\u00fchrung:Dipl.-Ing. Manfred DorfnerDipl.-Ing. Gunter H\u00e4nelSitz: Langen \/ HessenHRB 43850 O\ufb00enbach a.M.St.-Nr. 35 236 21503USt.-Id Nr.: DE 212 971 497 Copyright Die Inhalte des Internetauftritts der Ingenieur-B\u00fcro Dorfner GmbH sind urheberrechtlich gesch\u00fctzt. Alle Rechte [&hellip;]<\/p>\n","protected":false},"author":1,"featured_media":0,"parent":2893,"menu_order":0,"comment_status":"closed","ping_status":"closed","template":"","meta":{"_uag_custom_page_level_css":"","site-sidebar-layout":"default","site-content-layout":"","ast-site-content-layout":"default","site-content-style":"default","site-sidebar-style":"default","ast-global-header-display":"","ast-banner-title-visibility":"","ast-main-header-display":"","ast-hfb-above-header-display":"","ast-hfb-below-header-display":"","ast-hfb-mobile-header-display":"","site-post-title":"disabled","ast-breadcrumbs-content":"","ast-featured-img":"","footer-sml-layout":"","theme-transparent-header-meta":"","adv-header-id-meta":"","stick-header-meta":"","header-above-stick-meta":"","header-main-stick-meta":"","header-below-stick-meta":"","astra-migrate-meta-layouts":"set","ast-page-background-enabled":"default","ast-page-background-meta":{"desktop":{"background-color":"var(--ast-global-color-4)","background-image":"","background-repeat":"repeat","background-position":"center center","background-size":"auto","background-attachment":"scroll","background-type":"","background-media":"","overlay-type":"","overlay-color":"","overlay-opacity":"","overlay-gradient":""},"tablet":{"background-color":"","background-image":"","background-repeat":"repeat","background-position":"center center","background-size":"auto","background-attachment":"scroll","background-type":"","background-media":"","overlay-type":"","overlay-color":"","overlay-opacity":"","overlay-gradient":""},"mobile":{"background-color":"","background-image":"","background-repeat":"repeat","background-position":"center center","background-size":"auto","background-attachment":"scroll","background-type":"","background-media":"","overlay-type":"","overlay-color":"","overlay-opacity":"","overlay-gradient":""}},"ast-content-background-meta":{"desktop":{"background-color":"var(--ast-global-color-5)","background-image":"","background-repeat":"repeat","background-position":"center center","background-size":"auto","background-attachment":"scroll","background-type":"","background-media":"","overlay-type":"","overlay-color":"","overlay-opacity":"","overlay-gradient":""},"tablet":{"background-color":"var(--ast-global-color-5)","background-image":"","background-repeat":"repeat","background-position":"center center","background-size":"auto","background-attachment":"scroll","background-type":"","background-media":"","overlay-type":"","overlay-color":"","overlay-opacity":"","overlay-gradient":""},"mobile":{"background-color":"var(--ast-global-color-5)","background-image":"","background-repeat":"repeat","background-position":"center center","background-size":"auto","background-attachment":"scroll","background-type":"","background-media":"","overlay-type":"","overlay-color":"","overlay-opacity":"","overlay-gradient":""}},"footnotes":""},"class_list":["post-2169","page","type-page","status-publish","hentry"],"yoast_head":"<!-- This site is optimized with the Yoast SEO plugin v25.3 - https:\/\/yoast.com\/wordpress\/plugins\/seo\/ -->\n<title>Impressum - IBD Ingenieur-B\u00fcro Dorfner GmbH<\/title>\n<meta name=\"description\" content=\"Impressum\" \/>\n<meta name=\"robots\" content=\"index, follow, max-snippet:-1, max-image-preview:large, max-video-preview:-1\" \/>\n<link rel=\"canonical\" href=\"http:\/\/ibd-gmbh.info\/en\/unternehmen\/impressum\/\" \/>\n<meta property=\"og:locale\" content=\"en_US\" \/>\n<meta property=\"og:type\" content=\"article\" \/>\n<meta property=\"og:title\" content=\"Impressum - IBD Ingenieur-B\u00fcro Dorfner GmbH\" \/>\n<meta property=\"og:description\" content=\"Impressum\" \/>\n<meta property=\"og:url\" content=\"http:\/\/ibd-gmbh.info\/en\/unternehmen\/impressum\/\" \/>\n<meta property=\"og:site_name\" content=\"IBD Ingenieur-B\u00fcro Dorfner GmbH\" \/>\n<meta property=\"article:modified_time\" content=\"2025-05-28T17:11:45+00:00\" \/>\n<meta name=\"twitter:card\" content=\"summary_large_image\" \/>\n<meta name=\"twitter:label1\" content=\"Est. reading time\" \/>\n\t<meta name=\"twitter:data1\" content=\"4 minutes\" \/>\n<script type=\"application\/ld+json\" class=\"yoast-schema-graph\">{\"@context\":\"https:\/\/schema.org\",\"@graph\":[{\"@type\":\"WebPage\",\"@id\":\"http:\/\/ibd-gmbh.info\/en\/unternehmen\/impressum\/\",\"url\":\"http:\/\/ibd-gmbh.info\/en\/unternehmen\/impressum\/\",\"name\":\"Impressum - IBD Ingenieur-B\u00fcro Dorfner GmbH\",\"isPartOf\":{\"@id\":\"http:\/\/ibd-gmbh.info\/en\/#website\"},\"datePublished\":\"2024-08-04T19:42:29+00:00\",\"dateModified\":\"2025-05-28T17:11:45+00:00\",\"description\":\"Impressum\",\"breadcrumb\":{\"@id\":\"http:\/\/ibd-gmbh.info\/en\/unternehmen\/impressum\/#breadcrumb\"},\"inLanguage\":\"en-US\",\"potentialAction\":[{\"@type\":\"ReadAction\",\"target\":[\"http:\/\/ibd-gmbh.info\/en\/unternehmen\/impressum\/\"]}]},{\"@type\":\"BreadcrumbList\",\"@id\":\"http:\/\/ibd-gmbh.info\/en\/unternehmen\/impressum\/#breadcrumb\",\"itemListElement\":[{\"@type\":\"ListItem\",\"position\":1,\"name\":\"Home\",\"item\":\"http:\/\/ibd-gmbh.info\/en\/\"},{\"@type\":\"ListItem\",\"position\":2,\"name\":\"Unternehmen\",\"item\":\"http:\/\/ibd-gmbh.info\/en\/de\/unternehmen\/\"},{\"@type\":\"ListItem\",\"position\":3,\"name\":\"Impressum\"}]},{\"@type\":\"WebSite\",\"@id\":\"http:\/\/ibd-gmbh.info\/en\/#website\",\"url\":\"http:\/\/ibd-gmbh.info\/en\/\",\"name\":\"IBD Ingenieur-B\u00fcro Dorfner GmbH\",\"description\":\"Dienstleistungen f\u00fcr den Reinraum\",\"publisher\":{\"@id\":\"http:\/\/ibd-gmbh.info\/en\/#organization\"},\"potentialAction\":[{\"@type\":\"SearchAction\",\"target\":{\"@type\":\"EntryPoint\",\"urlTemplate\":\"http:\/\/ibd-gmbh.info\/en\/?s={search_term_string}\"},\"query-input\":{\"@type\":\"PropertyValueSpecification\",\"valueRequired\":true,\"valueName\":\"search_term_string\"}}],\"inLanguage\":\"en-US\"},{\"@type\":\"Organization\",\"@id\":\"http:\/\/ibd-gmbh.info\/en\/#organization\",\"name\":\"KKR GmbH\",\"url\":\"http:\/\/ibd-gmbh.info\/en\/\",\"logo\":{\"@type\":\"ImageObject\",\"inLanguage\":\"en-US\",\"@id\":\"http:\/\/ibd-gmbh.info\/en\/#\/schema\/logo\/image\/\",\"url\":\"http:\/\/ibd-gmbh.info\/en\/wp-content\/uploads\/2025\/05\/banners-Website-IBD-2025.jpg\",\"contentUrl\":\"http:\/\/ibd-gmbh.info\/en\/wp-content\/uploads\/2025\/05\/banners-Website-IBD-2025.jpg\",\"width\":512,\"height\":512,\"caption\":\"KKR GmbH\"},\"image\":{\"@id\":\"http:\/\/ibd-gmbh.info\/en\/#\/schema\/logo\/image\/\"}}]}<\/script>\n<!-- \/ Yoast SEO plugin. -->","yoast_head_json":{"title":"Impressum - IBD Ingenieur-B\u00fcro Dorfner GmbH","description":"Impressum","robots":{"index":"index","follow":"follow","max-snippet":"max-snippet:-1","max-image-preview":"max-image-preview:large","max-video-preview":"max-video-preview:-1"},"canonical":"http:\/\/ibd-gmbh.info\/en\/unternehmen\/impressum\/","og_locale":"en_US","og_type":"article","og_title":"Impressum - IBD Ingenieur-B\u00fcro Dorfner GmbH","og_description":"Impressum","og_url":"http:\/\/ibd-gmbh.info\/en\/unternehmen\/impressum\/","og_site_name":"IBD Ingenieur-B\u00fcro Dorfner GmbH","article_modified_time":"2025-05-28T17:11:45+00:00","twitter_card":"summary_large_image","twitter_misc":{"Est. reading time":"4 minutes"},"schema":{"@context":"https:\/\/schema.org","@graph":[{"@type":"WebPage","@id":"http:\/\/ibd-gmbh.info\/en\/unternehmen\/impressum\/","url":"http:\/\/ibd-gmbh.info\/en\/unternehmen\/impressum\/","name":"Impressum - IBD Ingenieur-B\u00fcro Dorfner GmbH","isPartOf":{"@id":"http:\/\/ibd-gmbh.info\/en\/#website"},"datePublished":"2024-08-04T19:42:29+00:00","dateModified":"2025-05-28T17:11:45+00:00","description":"Impressum","breadcrumb":{"@id":"http:\/\/ibd-gmbh.info\/en\/unternehmen\/impressum\/#breadcrumb"},"inLanguage":"en-US","potentialAction":[{"@type":"ReadAction","target":["http:\/\/ibd-gmbh.info\/en\/unternehmen\/impressum\/"]}]},{"@type":"BreadcrumbList","@id":"http:\/\/ibd-gmbh.info\/en\/unternehmen\/impressum\/#breadcrumb","itemListElement":[{"@type":"ListItem","position":1,"name":"Home","item":"http:\/\/ibd-gmbh.info\/en\/"},{"@type":"ListItem","position":2,"name":"Unternehmen","item":"http:\/\/ibd-gmbh.info\/en\/de\/unternehmen\/"},{"@type":"ListItem","position":3,"name":"Impressum"}]},{"@type":"WebSite","@id":"http:\/\/ibd-gmbh.info\/en\/#website","url":"http:\/\/ibd-gmbh.info\/en\/","name":"IBD Ingenieur-B\u00fcro Dorfner GmbH","description":"Dienstleistungen f\u00fcr den Reinraum","publisher":{"@id":"http:\/\/ibd-gmbh.info\/en\/#organization"},"potentialAction":[{"@type":"SearchAction","target":{"@type":"EntryPoint","urlTemplate":"http:\/\/ibd-gmbh.info\/en\/?s={search_term_string}"},"query-input":{"@type":"PropertyValueSpecification","valueRequired":true,"valueName":"search_term_string"}}],"inLanguage":"en-US"},{"@type":"Organization","@id":"http:\/\/ibd-gmbh.info\/en\/#organization","name":"KKR GmbH","url":"http:\/\/ibd-gmbh.info\/en\/","logo":{"@type":"ImageObject","inLanguage":"en-US","@id":"http:\/\/ibd-gmbh.info\/en\/#\/schema\/logo\/image\/","url":"http:\/\/ibd-gmbh.info\/en\/wp-content\/uploads\/2025\/05\/banners-Website-IBD-2025.jpg","contentUrl":"http:\/\/ibd-gmbh.info\/en\/wp-content\/uploads\/2025\/05\/banners-Website-IBD-2025.jpg","width":512,"height":512,"caption":"KKR GmbH"},"image":{"@id":"http:\/\/ibd-gmbh.info\/en\/#\/schema\/logo\/image\/"}}]}},"uagb_featured_image_src":{"full":false,"thumbnail":false,"medium":false,"medium_large":false,"large":false,"1536x1536":false,"2048x2048":false},"uagb_author_info":{"display_name":"is","author_link":"http:\/\/ibd-gmbh.info\/en\/author\/is\/"},"uagb_comment_info":0,"uagb_excerpt":"Ingenieur-B\u00fcro Dorfner GmbHS\u00fcdliche Ringstr. 256 \u2013 D-63225 LangenTel.: +49 (0) 6103 2020 333 \u2013 Fax.: +49 (0) 6103 2020 337E-Mail: info@ibd-gmbh.com \u2013 www.ibd-gmbh.comGesch\u00e4ftsf\u00fchrung:Dipl.-Ing. Manfred DorfnerDipl.-Ing. Gunter H\u00e4nelSitz: Langen \/ HessenHRB 43850 O\ufb00enbach a.M.St.-Nr. 35 236 21503USt.-Id Nr.: DE 212 971 497 Copyright Die Inhalte des Internetauftritts der Ingenieur-B\u00fcro Dorfner GmbH sind urheberrechtlich gesch\u00fctzt. Alle Rechte&hellip;","_links":{"self":[{"href":"http:\/\/ibd-gmbh.info\/en\/wp-json\/wp\/v2\/pages\/2169","targetHints":{"allow":["GET"]}}],"collection":[{"href":"http:\/\/ibd-gmbh.info\/en\/wp-json\/wp\/v2\/pages"}],"about":[{"href":"http:\/\/ibd-gmbh.info\/en\/wp-json\/wp\/v2\/types\/page"}],"author":[{"embeddable":true,"href":"http:\/\/ibd-gmbh.info\/en\/wp-json\/wp\/v2\/users\/1"}],"replies":[{"embeddable":true,"href":"http:\/\/ibd-gmbh.info\/en\/wp-json\/wp\/v2\/comments?post=2169"}],"version-history":[{"count":0,"href":"http:\/\/ibd-gmbh.info\/en\/wp-json\/wp\/v2\/pages\/2169\/revisions"}],"up":[{"embeddable":true,"href":"http:\/\/ibd-gmbh.info\/en\/wp-json\/wp\/v2\/pages\/2893"}],"wp:attachment":[{"href":"http:\/\/ibd-gmbh.info\/en\/wp-json\/wp\/v2\/media?parent=2169"}],"curies":[{"name":"wp","href":"https:\/\/api.w.org\/{rel}","templated":true}]}}