{"id":2175,"date":"2024-08-04T22:05:01","date_gmt":"2024-08-04T20:05:01","guid":{"rendered":"http:\/\/ibd-gmbh.info\/en\/?page_id=2175"},"modified":"2025-05-26T16:19:31","modified_gmt":"2025-05-26T14:19:31","slug":"uber-uns","status":"publish","type":"page","link":"http:\/\/ibd-gmbh.info\/en\/unternehmen\/uber-uns\/","title":{"rendered":"\u00dcber uns"},"content":{"rendered":"\n<p class=\"has-text-color has-link-color wp-elements-b37a703e69bda7187a731524b1138d8d\" style=\"color:#245dab;font-size:30px\">\u00dcber uns<\/p>\n\n\n\n<p>Als etablierter Dienstleiter f\u00fcr physikalische Validierungen in Reinr\u00e4umen von Unternehmen der pharmazeutischen Industrie bietet die Ingenieur-B\u00fcro Dorfner GmbH eine umfangreiche Bandbreite von Qualifizierungsarbeiten an. Dabei liegt der Fokus auf der Partikelmesstechnik an installierten Reinraumanlagen.<\/p>\n\n\n\n<p>Das innovative und kreative Ingenieurb\u00fcro betreibt intensive praxisorientierte Entwicklungsarbeit zur Optimierung der komplexen Prozesskette zur reinraumtechnischen \u00dcberwachung von Produktionsanlagen.<\/p>\n\n\n\n<p>Kundenorientiertes Handeln verbunden mit der hohen Flexibilit\u00e4t eines dynamischen Kleinunternehmens macht die Ingenieur-B\u00fcro Dorfner GmbH zum zuverl\u00e4ssigen Partner f\u00fcr auftrags- und projektbasierte Dienstleistungen. Als kompetenter Ansprechpartner auf dem Gebiet der Partikelmesstechnik erhalten Sie durch unser B\u00fcro professionelle Unterst\u00fctzung f\u00fcr Ihre Projekte.<\/p>\n\n\n\n<p><\/p>\n","protected":false},"excerpt":{"rendered":"<p>\u00dcber uns Als etablierter Dienstleiter f\u00fcr physikalische Validierungen in Reinr\u00e4umen von Unternehmen der pharmazeutischen Industrie bietet die Ingenieur-B\u00fcro Dorfner GmbH eine umfangreiche Bandbreite von Qualifizierungsarbeiten an. Dabei liegt der Fokus auf der Partikelmesstechnik an installierten Reinraumanlagen. Das innovative und kreative Ingenieurb\u00fcro betreibt intensive praxisorientierte Entwicklungsarbeit zur Optimierung der komplexen Prozesskette zur reinraumtechnischen \u00dcberwachung von Produktionsanlagen. [&hellip;]<\/p>\n","protected":false},"author":1,"featured_media":0,"parent":2893,"menu_order":0,"comment_status":"closed","ping_status":"closed","template":"","meta":{"_uag_custom_page_level_css":"","site-sidebar-layout":"default","site-content-layout":"","ast-site-content-layout":"default","site-content-style":"default","site-sidebar-style":"default","ast-global-header-display":"","ast-banner-title-visibility":"","ast-main-header-display":"","ast-hfb-above-header-display":"","ast-hfb-below-header-display":"","ast-hfb-mobile-header-display":"","site-post-title":"disabled","ast-breadcrumbs-content":"","ast-featured-img":"","footer-sml-layout":"","theme-transparent-header-meta":"","adv-header-id-meta":"","stick-header-meta":"","header-above-stick-meta":"","header-main-stick-meta":"","header-below-stick-meta":"","astra-migrate-meta-layouts":"set","ast-page-background-enabled":"default","ast-page-background-meta":{"desktop":{"background-color":"var(--ast-global-color-4)","background-image":"","background-repeat":"repeat","background-position":"center center","background-size":"auto","background-attachment":"scroll","background-type":"","background-media":"","overlay-type":"","overlay-color":"","overlay-opacity":"","overlay-gradient":""},"tablet":{"background-color":"","background-image":"","background-repeat":"repeat","background-position":"center center","background-size":"auto","background-attachment":"scroll","background-type":"","background-media":"","overlay-type":"","overlay-color":"","overlay-opacity":"","overlay-gradient":""},"mobile":{"background-color":"","background-image":"","background-repeat":"repeat","background-position":"center center","background-size":"auto","background-attachment":"scroll","background-type":"","background-media":"","overlay-type":"","overlay-color":"","overlay-opacity":"","overlay-gradient":""}},"ast-content-background-meta":{"desktop":{"background-color":"var(--ast-global-color-5)","background-image":"","background-repeat":"repeat","background-position":"center center","background-size":"auto","background-attachment":"scroll","background-type":"","background-media":"","overlay-type":"","overlay-color":"","overlay-opacity":"","overlay-gradient":""},"tablet":{"background-color":"var(--ast-global-color-5)","background-image":"","background-repeat":"repeat","background-position":"center center","background-size":"auto","background-attachment":"scroll","background-type":"","background-media":"","overlay-type":"","overlay-color":"","overlay-opacity":"","overlay-gradient":""},"mobile":{"background-color":"var(--ast-global-color-5)","background-image":"","background-repeat":"repeat","background-position":"center center","background-size":"auto","background-attachment":"scroll","background-type":"","background-media":"","overlay-type":"","overlay-color":"","overlay-opacity":"","overlay-gradient":""}},"footnotes":""},"class_list":["post-2175","page","type-page","status-publish","hentry"],"yoast_head":"<!-- This site is optimized with the Yoast SEO plugin v25.3 - https:\/\/yoast.com\/wordpress\/plugins\/seo\/ -->\n<title>\u00dcber uns - IBD Ingenieur-B\u00fcro Dorfner GmbH<\/title>\n<meta name=\"description\" content=\"Als etablierter Dienstleiter f\u00fcr physikalische Validierungen in Reinr\u00e4umen von Unternehmen der pharmazeutischen Industrie bietet die Ingenieur-B\u00fcro Dorfner GmbH eine umfangreiche Bandbreite von Qualifizierungsarbeiten an. Dabei liegt der Fokus auf der Partikelmesstechnik an installierten Reinraumanlagen.\" \/>\n<meta name=\"robots\" content=\"index, follow, max-snippet:-1, max-image-preview:large, max-video-preview:-1\" \/>\n<link rel=\"canonical\" href=\"http:\/\/ibd-gmbh.info\/en\/unternehmen\/uber-uns\/\" \/>\n<meta property=\"og:locale\" content=\"en_US\" \/>\n<meta property=\"og:type\" content=\"article\" \/>\n<meta property=\"og:title\" content=\"\u00dcber uns - IBD Ingenieur-B\u00fcro Dorfner GmbH\" \/>\n<meta property=\"og:description\" content=\"Als etablierter Dienstleiter f\u00fcr physikalische Validierungen in Reinr\u00e4umen von Unternehmen der pharmazeutischen Industrie bietet die Ingenieur-B\u00fcro Dorfner GmbH eine umfangreiche Bandbreite von Qualifizierungsarbeiten an. Dabei liegt der Fokus auf der Partikelmesstechnik an installierten Reinraumanlagen.\" \/>\n<meta property=\"og:url\" content=\"http:\/\/ibd-gmbh.info\/en\/unternehmen\/uber-uns\/\" \/>\n<meta property=\"og:site_name\" content=\"IBD Ingenieur-B\u00fcro Dorfner GmbH\" \/>\n<meta property=\"article:modified_time\" content=\"2025-05-26T14:19:31+00:00\" \/>\n<meta name=\"twitter:card\" content=\"summary_large_image\" \/>\n<meta name=\"twitter:label1\" content=\"Est. reading time\" \/>\n\t<meta name=\"twitter:data1\" content=\"1 minute\" \/>\n<script type=\"application\/ld+json\" class=\"yoast-schema-graph\">{\"@context\":\"https:\/\/schema.org\",\"@graph\":[{\"@type\":\"WebPage\",\"@id\":\"http:\/\/ibd-gmbh.info\/en\/unternehmen\/uber-uns\/\",\"url\":\"http:\/\/ibd-gmbh.info\/en\/unternehmen\/uber-uns\/\",\"name\":\"\u00dcber uns - IBD Ingenieur-B\u00fcro Dorfner GmbH\",\"isPartOf\":{\"@id\":\"http:\/\/ibd-gmbh.info\/en\/#website\"},\"datePublished\":\"2024-08-04T20:05:01+00:00\",\"dateModified\":\"2025-05-26T14:19:31+00:00\",\"description\":\"Als etablierter Dienstleiter f\u00fcr physikalische Validierungen in Reinr\u00e4umen von Unternehmen der pharmazeutischen Industrie bietet die Ingenieur-B\u00fcro Dorfner GmbH eine umfangreiche Bandbreite von Qualifizierungsarbeiten an. Dabei liegt der Fokus auf der Partikelmesstechnik an installierten Reinraumanlagen.\",\"breadcrumb\":{\"@id\":\"http:\/\/ibd-gmbh.info\/en\/unternehmen\/uber-uns\/#breadcrumb\"},\"inLanguage\":\"en-US\",\"potentialAction\":[{\"@type\":\"ReadAction\",\"target\":[\"http:\/\/ibd-gmbh.info\/en\/unternehmen\/uber-uns\/\"]}]},{\"@type\":\"BreadcrumbList\",\"@id\":\"http:\/\/ibd-gmbh.info\/en\/unternehmen\/uber-uns\/#breadcrumb\",\"itemListElement\":[{\"@type\":\"ListItem\",\"position\":1,\"name\":\"Home\",\"item\":\"http:\/\/ibd-gmbh.info\/en\/\"},{\"@type\":\"ListItem\",\"position\":2,\"name\":\"Unternehmen\",\"item\":\"http:\/\/ibd-gmbh.info\/en\/de\/unternehmen\/\"},{\"@type\":\"ListItem\",\"position\":3,\"name\":\"\u00dcber uns\"}]},{\"@type\":\"WebSite\",\"@id\":\"http:\/\/ibd-gmbh.info\/en\/#website\",\"url\":\"http:\/\/ibd-gmbh.info\/en\/\",\"name\":\"IBD Ingenieur-B\u00fcro Dorfner GmbH\",\"description\":\"Dienstleistungen f\u00fcr den Reinraum\",\"publisher\":{\"@id\":\"http:\/\/ibd-gmbh.info\/en\/#organization\"},\"potentialAction\":[{\"@type\":\"SearchAction\",\"target\":{\"@type\":\"EntryPoint\",\"urlTemplate\":\"http:\/\/ibd-gmbh.info\/en\/?s={search_term_string}\"},\"query-input\":{\"@type\":\"PropertyValueSpecification\",\"valueRequired\":true,\"valueName\":\"search_term_string\"}}],\"inLanguage\":\"en-US\"},{\"@type\":\"Organization\",\"@id\":\"http:\/\/ibd-gmbh.info\/en\/#organization\",\"name\":\"KKR GmbH\",\"url\":\"http:\/\/ibd-gmbh.info\/en\/\",\"logo\":{\"@type\":\"ImageObject\",\"inLanguage\":\"en-US\",\"@id\":\"http:\/\/ibd-gmbh.info\/en\/#\/schema\/logo\/image\/\",\"url\":\"http:\/\/ibd-gmbh.info\/en\/wp-content\/uploads\/2025\/05\/banners-Website-IBD-2025.jpg\",\"contentUrl\":\"http:\/\/ibd-gmbh.info\/en\/wp-content\/uploads\/2025\/05\/banners-Website-IBD-2025.jpg\",\"width\":512,\"height\":512,\"caption\":\"KKR GmbH\"},\"image\":{\"@id\":\"http:\/\/ibd-gmbh.info\/en\/#\/schema\/logo\/image\/\"}}]}<\/script>\n<!-- \/ Yoast SEO plugin. -->","yoast_head_json":{"title":"\u00dcber uns - IBD Ingenieur-B\u00fcro Dorfner GmbH","description":"Als etablierter Dienstleiter f\u00fcr physikalische Validierungen in Reinr\u00e4umen von Unternehmen der pharmazeutischen Industrie bietet die Ingenieur-B\u00fcro Dorfner GmbH eine umfangreiche Bandbreite von Qualifizierungsarbeiten an. Dabei liegt der Fokus auf der Partikelmesstechnik an installierten Reinraumanlagen.","robots":{"index":"index","follow":"follow","max-snippet":"max-snippet:-1","max-image-preview":"max-image-preview:large","max-video-preview":"max-video-preview:-1"},"canonical":"http:\/\/ibd-gmbh.info\/en\/unternehmen\/uber-uns\/","og_locale":"en_US","og_type":"article","og_title":"\u00dcber uns - IBD Ingenieur-B\u00fcro Dorfner GmbH","og_description":"Als etablierter Dienstleiter f\u00fcr physikalische Validierungen in Reinr\u00e4umen von Unternehmen der pharmazeutischen Industrie bietet die Ingenieur-B\u00fcro Dorfner GmbH eine umfangreiche Bandbreite von Qualifizierungsarbeiten an. Dabei liegt der Fokus auf der Partikelmesstechnik an installierten Reinraumanlagen.","og_url":"http:\/\/ibd-gmbh.info\/en\/unternehmen\/uber-uns\/","og_site_name":"IBD Ingenieur-B\u00fcro Dorfner GmbH","article_modified_time":"2025-05-26T14:19:31+00:00","twitter_card":"summary_large_image","twitter_misc":{"Est. reading time":"1 minute"},"schema":{"@context":"https:\/\/schema.org","@graph":[{"@type":"WebPage","@id":"http:\/\/ibd-gmbh.info\/en\/unternehmen\/uber-uns\/","url":"http:\/\/ibd-gmbh.info\/en\/unternehmen\/uber-uns\/","name":"\u00dcber uns - IBD Ingenieur-B\u00fcro Dorfner GmbH","isPartOf":{"@id":"http:\/\/ibd-gmbh.info\/en\/#website"},"datePublished":"2024-08-04T20:05:01+00:00","dateModified":"2025-05-26T14:19:31+00:00","description":"Als etablierter Dienstleiter f\u00fcr physikalische Validierungen in Reinr\u00e4umen von Unternehmen der pharmazeutischen Industrie bietet die Ingenieur-B\u00fcro Dorfner GmbH eine umfangreiche Bandbreite von Qualifizierungsarbeiten an. Dabei liegt der Fokus auf der Partikelmesstechnik an installierten Reinraumanlagen.","breadcrumb":{"@id":"http:\/\/ibd-gmbh.info\/en\/unternehmen\/uber-uns\/#breadcrumb"},"inLanguage":"en-US","potentialAction":[{"@type":"ReadAction","target":["http:\/\/ibd-gmbh.info\/en\/unternehmen\/uber-uns\/"]}]},{"@type":"BreadcrumbList","@id":"http:\/\/ibd-gmbh.info\/en\/unternehmen\/uber-uns\/#breadcrumb","itemListElement":[{"@type":"ListItem","position":1,"name":"Home","item":"http:\/\/ibd-gmbh.info\/en\/"},{"@type":"ListItem","position":2,"name":"Unternehmen","item":"http:\/\/ibd-gmbh.info\/en\/de\/unternehmen\/"},{"@type":"ListItem","position":3,"name":"\u00dcber uns"}]},{"@type":"WebSite","@id":"http:\/\/ibd-gmbh.info\/en\/#website","url":"http:\/\/ibd-gmbh.info\/en\/","name":"IBD Ingenieur-B\u00fcro Dorfner GmbH","description":"Dienstleistungen f\u00fcr den Reinraum","publisher":{"@id":"http:\/\/ibd-gmbh.info\/en\/#organization"},"potentialAction":[{"@type":"SearchAction","target":{"@type":"EntryPoint","urlTemplate":"http:\/\/ibd-gmbh.info\/en\/?s={search_term_string}"},"query-input":{"@type":"PropertyValueSpecification","valueRequired":true,"valueName":"search_term_string"}}],"inLanguage":"en-US"},{"@type":"Organization","@id":"http:\/\/ibd-gmbh.info\/en\/#organization","name":"KKR GmbH","url":"http:\/\/ibd-gmbh.info\/en\/","logo":{"@type":"ImageObject","inLanguage":"en-US","@id":"http:\/\/ibd-gmbh.info\/en\/#\/schema\/logo\/image\/","url":"http:\/\/ibd-gmbh.info\/en\/wp-content\/uploads\/2025\/05\/banners-Website-IBD-2025.jpg","contentUrl":"http:\/\/ibd-gmbh.info\/en\/wp-content\/uploads\/2025\/05\/banners-Website-IBD-2025.jpg","width":512,"height":512,"caption":"KKR GmbH"},"image":{"@id":"http:\/\/ibd-gmbh.info\/en\/#\/schema\/logo\/image\/"}}]}},"uagb_featured_image_src":{"full":false,"thumbnail":false,"medium":false,"medium_large":false,"large":false,"1536x1536":false,"2048x2048":false},"uagb_author_info":{"display_name":"is","author_link":"http:\/\/ibd-gmbh.info\/en\/author\/is\/"},"uagb_comment_info":0,"uagb_excerpt":"\u00dcber uns Als etablierter Dienstleiter f\u00fcr physikalische Validierungen in Reinr\u00e4umen von Unternehmen der pharmazeutischen Industrie bietet die Ingenieur-B\u00fcro Dorfner GmbH eine umfangreiche Bandbreite von Qualifizierungsarbeiten an. Dabei liegt der Fokus auf der Partikelmesstechnik an installierten Reinraumanlagen. Das innovative und kreative Ingenieurb\u00fcro betreibt intensive praxisorientierte Entwicklungsarbeit zur Optimierung der komplexen Prozesskette zur reinraumtechnischen \u00dcberwachung von Produktionsanlagen.&hellip;","_links":{"self":[{"href":"http:\/\/ibd-gmbh.info\/en\/wp-json\/wp\/v2\/pages\/2175","targetHints":{"allow":["GET"]}}],"collection":[{"href":"http:\/\/ibd-gmbh.info\/en\/wp-json\/wp\/v2\/pages"}],"about":[{"href":"http:\/\/ibd-gmbh.info\/en\/wp-json\/wp\/v2\/types\/page"}],"author":[{"embeddable":true,"href":"http:\/\/ibd-gmbh.info\/en\/wp-json\/wp\/v2\/users\/1"}],"replies":[{"embeddable":true,"href":"http:\/\/ibd-gmbh.info\/en\/wp-json\/wp\/v2\/comments?post=2175"}],"version-history":[{"count":0,"href":"http:\/\/ibd-gmbh.info\/en\/wp-json\/wp\/v2\/pages\/2175\/revisions"}],"up":[{"embeddable":true,"href":"http:\/\/ibd-gmbh.info\/en\/wp-json\/wp\/v2\/pages\/2893"}],"wp:attachment":[{"href":"http:\/\/ibd-gmbh.info\/en\/wp-json\/wp\/v2\/media?parent=2175"}],"curies":[{"name":"wp","href":"https:\/\/api.w.org\/{rel}","templated":true}]}}