{"id":2183,"date":"2024-08-04T22:31:40","date_gmt":"2024-08-04T20:31:40","guid":{"rendered":"http:\/\/ibd-gmbh.info\/en\/?page_id=2183"},"modified":"2025-05-26T16:20:05","modified_gmt":"2025-05-26T14:20:05","slug":"geschichte","status":"publish","type":"page","link":"http:\/\/ibd-gmbh.info\/en\/unternehmen\/geschichte\/","title":{"rendered":"Geschichte"},"content":{"rendered":"\n<p class=\"has-text-color has-link-color wp-elements-517ee1537a5a5af8e557c60bfb099d68\" style=\"color:#245dab;font-size:30px\">Geschichte<\/p>\n\n\n\n<p>Das Ingenieurb\u00fcro wurde 1992 als Pharmaservice G\u00f6nnebek durch Herrn Manfred Dorfner gegr\u00fcndet und besch\u00e4ftigt sich seit dieser Zeit mit Dienstleistungen auf dem Gebiet der Partikelmesstechnik.<\/p>\n\n\n\n<p>1993 elektronische Partikelauswertung<br>1995\/96 Einsatz robotergest\u00fctzte Messverfahren<br>1998 Zertifizierung DIN ISO:9000<br>1999 Grafische Darstellung der Messergebnisse<br>2000 Gr\u00fcndung der IBD GmbH<br>2002 Verlegung Firmensitz nach Langen<br>2002 Eigene SoftwareentwicklungLaPartMon f\u00fcr die Auswertung und Verwaltung der Messergebnisse<br>2008 Einbindung LaPartMon in SAP<\/p>\n\n\n\n<p>Seit 12\/2012 geh\u00f6rt die Ingenieur-B\u00fcro Dorfner GmbH zur Unternehmensgruppe InfraSolution AG. Im Rahmen der Unternehmensgruppe liegen unsere Schwerpunkte im Bereich der Dienstleistungen f\u00fcr physikalische Validierungen in Reinr\u00e4umen. Seit dem 01.01.2013 ist Herr Gunter H\u00e4nel neben Herrn Dorfner zum Gesch\u00e4ftsf\u00fchrer bestellt.<\/p>\n\n\n\n<p><\/p>\n","protected":false},"excerpt":{"rendered":"<p>Geschichte Das Ingenieurb\u00fcro wurde 1992 als Pharmaservice G\u00f6nnebek durch Herrn Manfred Dorfner gegr\u00fcndet und besch\u00e4ftigt sich seit dieser Zeit mit Dienstleistungen auf dem Gebiet der Partikelmesstechnik. 1993 elektronische Partikelauswertung1995\/96 Einsatz robotergest\u00fctzte Messverfahren1998 Zertifizierung DIN ISO:90001999 Grafische Darstellung der Messergebnisse2000 Gr\u00fcndung der IBD GmbH2002 Verlegung Firmensitz nach Langen2002 Eigene SoftwareentwicklungLaPartMon f\u00fcr die Auswertung und Verwaltung der [&hellip;]<\/p>\n","protected":false},"author":1,"featured_media":0,"parent":2893,"menu_order":0,"comment_status":"closed","ping_status":"closed","template":"","meta":{"_uag_custom_page_level_css":"","site-sidebar-layout":"default","site-content-layout":"","ast-site-content-layout":"default","site-content-style":"default","site-sidebar-style":"default","ast-global-header-display":"","ast-banner-title-visibility":"","ast-main-header-display":"","ast-hfb-above-header-display":"","ast-hfb-below-header-display":"","ast-hfb-mobile-header-display":"","site-post-title":"disabled","ast-breadcrumbs-content":"","ast-featured-img":"","footer-sml-layout":"","theme-transparent-header-meta":"","adv-header-id-meta":"","stick-header-meta":"","header-above-stick-meta":"","header-main-stick-meta":"","header-below-stick-meta":"","astra-migrate-meta-layouts":"set","ast-page-background-enabled":"default","ast-page-background-meta":{"desktop":{"background-color":"var(--ast-global-color-4)","background-image":"","background-repeat":"repeat","background-position":"center center","background-size":"auto","background-attachment":"scroll","background-type":"","background-media":"","overlay-type":"","overlay-color":"","overlay-opacity":"","overlay-gradient":""},"tablet":{"background-color":"","background-image":"","background-repeat":"repeat","background-position":"center center","background-size":"auto","background-attachment":"scroll","background-type":"","background-media":"","overlay-type":"","overlay-color":"","overlay-opacity":"","overlay-gradient":""},"mobile":{"background-color":"","background-image":"","background-repeat":"repeat","background-position":"center center","background-size":"auto","background-attachment":"scroll","background-type":"","background-media":"","overlay-type":"","overlay-color":"","overlay-opacity":"","overlay-gradient":""}},"ast-content-background-meta":{"desktop":{"background-color":"var(--ast-global-color-5)","background-image":"","background-repeat":"repeat","background-position":"center center","background-size":"auto","background-attachment":"scroll","background-type":"","background-media":"","overlay-type":"","overlay-color":"","overlay-opacity":"","overlay-gradient":""},"tablet":{"background-color":"var(--ast-global-color-5)","background-image":"","background-repeat":"repeat","background-position":"center center","background-size":"auto","background-attachment":"scroll","background-type":"","background-media":"","overlay-type":"","overlay-color":"","overlay-opacity":"","overlay-gradient":""},"mobile":{"background-color":"var(--ast-global-color-5)","background-image":"","background-repeat":"repeat","background-position":"center center","background-size":"auto","background-attachment":"scroll","background-type":"","background-media":"","overlay-type":"","overlay-color":"","overlay-opacity":"","overlay-gradient":""}},"footnotes":""},"class_list":["post-2183","page","type-page","status-publish","hentry"],"yoast_head":"<!-- This site is optimized with the Yoast SEO plugin v25.3 - https:\/\/yoast.com\/wordpress\/plugins\/seo\/ -->\n<title>Geschichte - IBD Ingenieur-B\u00fcro Dorfner GmbH<\/title>\n<meta name=\"description\" content=\"Das Ingenieurb\u00fcro wurde 1992 als Pharmaservice G\u00f6nnebek durch Herrn Manfred Dorfner gegr\u00fcndet und besch\u00e4ftigt sich seit dieser Zeit mit Dienstleistungen auf dem Gebiet der Partikelmesstechnik.\" \/>\n<meta name=\"robots\" content=\"index, follow, max-snippet:-1, max-image-preview:large, max-video-preview:-1\" \/>\n<link rel=\"canonical\" href=\"http:\/\/ibd-gmbh.info\/en\/unternehmen\/geschichte\/\" \/>\n<meta property=\"og:locale\" content=\"en_US\" \/>\n<meta property=\"og:type\" content=\"article\" \/>\n<meta property=\"og:title\" content=\"Geschichte - IBD Ingenieur-B\u00fcro Dorfner GmbH\" \/>\n<meta property=\"og:description\" content=\"Das Ingenieurb\u00fcro wurde 1992 als Pharmaservice G\u00f6nnebek durch Herrn Manfred Dorfner gegr\u00fcndet und besch\u00e4ftigt sich seit dieser Zeit mit Dienstleistungen auf dem Gebiet der Partikelmesstechnik.\" \/>\n<meta property=\"og:url\" content=\"http:\/\/ibd-gmbh.info\/en\/unternehmen\/geschichte\/\" \/>\n<meta property=\"og:site_name\" content=\"IBD Ingenieur-B\u00fcro Dorfner GmbH\" \/>\n<meta property=\"article:modified_time\" content=\"2025-05-26T14:20:05+00:00\" \/>\n<meta name=\"twitter:card\" content=\"summary_large_image\" \/>\n<meta name=\"twitter:label1\" content=\"Est. reading time\" \/>\n\t<meta name=\"twitter:data1\" content=\"1 minute\" \/>\n<script type=\"application\/ld+json\" class=\"yoast-schema-graph\">{\"@context\":\"https:\/\/schema.org\",\"@graph\":[{\"@type\":\"WebPage\",\"@id\":\"http:\/\/ibd-gmbh.info\/en\/unternehmen\/geschichte\/\",\"url\":\"http:\/\/ibd-gmbh.info\/en\/unternehmen\/geschichte\/\",\"name\":\"Geschichte - IBD Ingenieur-B\u00fcro Dorfner GmbH\",\"isPartOf\":{\"@id\":\"http:\/\/ibd-gmbh.info\/en\/#website\"},\"datePublished\":\"2024-08-04T20:31:40+00:00\",\"dateModified\":\"2025-05-26T14:20:05+00:00\",\"description\":\"Das Ingenieurb\u00fcro wurde 1992 als Pharmaservice G\u00f6nnebek durch Herrn Manfred Dorfner gegr\u00fcndet und besch\u00e4ftigt sich seit dieser Zeit mit Dienstleistungen auf dem Gebiet der Partikelmesstechnik.\",\"breadcrumb\":{\"@id\":\"http:\/\/ibd-gmbh.info\/en\/unternehmen\/geschichte\/#breadcrumb\"},\"inLanguage\":\"en-US\",\"potentialAction\":[{\"@type\":\"ReadAction\",\"target\":[\"http:\/\/ibd-gmbh.info\/en\/unternehmen\/geschichte\/\"]}]},{\"@type\":\"BreadcrumbList\",\"@id\":\"http:\/\/ibd-gmbh.info\/en\/unternehmen\/geschichte\/#breadcrumb\",\"itemListElement\":[{\"@type\":\"ListItem\",\"position\":1,\"name\":\"Home\",\"item\":\"http:\/\/ibd-gmbh.info\/en\/\"},{\"@type\":\"ListItem\",\"position\":2,\"name\":\"Unternehmen\",\"item\":\"http:\/\/ibd-gmbh.info\/en\/de\/unternehmen\/\"},{\"@type\":\"ListItem\",\"position\":3,\"name\":\"Geschichte\"}]},{\"@type\":\"WebSite\",\"@id\":\"http:\/\/ibd-gmbh.info\/en\/#website\",\"url\":\"http:\/\/ibd-gmbh.info\/en\/\",\"name\":\"IBD Ingenieur-B\u00fcro Dorfner GmbH\",\"description\":\"Dienstleistungen f\u00fcr den Reinraum\",\"publisher\":{\"@id\":\"http:\/\/ibd-gmbh.info\/en\/#organization\"},\"potentialAction\":[{\"@type\":\"SearchAction\",\"target\":{\"@type\":\"EntryPoint\",\"urlTemplate\":\"http:\/\/ibd-gmbh.info\/en\/?s={search_term_string}\"},\"query-input\":{\"@type\":\"PropertyValueSpecification\",\"valueRequired\":true,\"valueName\":\"search_term_string\"}}],\"inLanguage\":\"en-US\"},{\"@type\":\"Organization\",\"@id\":\"http:\/\/ibd-gmbh.info\/en\/#organization\",\"name\":\"KKR GmbH\",\"url\":\"http:\/\/ibd-gmbh.info\/en\/\",\"logo\":{\"@type\":\"ImageObject\",\"inLanguage\":\"en-US\",\"@id\":\"http:\/\/ibd-gmbh.info\/en\/#\/schema\/logo\/image\/\",\"url\":\"http:\/\/ibd-gmbh.info\/en\/wp-content\/uploads\/2025\/05\/banners-Website-IBD-2025.jpg\",\"contentUrl\":\"http:\/\/ibd-gmbh.info\/en\/wp-content\/uploads\/2025\/05\/banners-Website-IBD-2025.jpg\",\"width\":512,\"height\":512,\"caption\":\"KKR GmbH\"},\"image\":{\"@id\":\"http:\/\/ibd-gmbh.info\/en\/#\/schema\/logo\/image\/\"}}]}<\/script>\n<!-- \/ Yoast SEO plugin. -->","yoast_head_json":{"title":"Geschichte - IBD Ingenieur-B\u00fcro Dorfner GmbH","description":"Das Ingenieurb\u00fcro wurde 1992 als Pharmaservice G\u00f6nnebek durch Herrn Manfred Dorfner gegr\u00fcndet und besch\u00e4ftigt sich seit dieser Zeit mit Dienstleistungen auf dem Gebiet der Partikelmesstechnik.","robots":{"index":"index","follow":"follow","max-snippet":"max-snippet:-1","max-image-preview":"max-image-preview:large","max-video-preview":"max-video-preview:-1"},"canonical":"http:\/\/ibd-gmbh.info\/en\/unternehmen\/geschichte\/","og_locale":"en_US","og_type":"article","og_title":"Geschichte - IBD Ingenieur-B\u00fcro Dorfner GmbH","og_description":"Das Ingenieurb\u00fcro wurde 1992 als Pharmaservice G\u00f6nnebek durch Herrn Manfred Dorfner gegr\u00fcndet und besch\u00e4ftigt sich seit dieser Zeit mit Dienstleistungen auf dem Gebiet der Partikelmesstechnik.","og_url":"http:\/\/ibd-gmbh.info\/en\/unternehmen\/geschichte\/","og_site_name":"IBD Ingenieur-B\u00fcro Dorfner GmbH","article_modified_time":"2025-05-26T14:20:05+00:00","twitter_card":"summary_large_image","twitter_misc":{"Est. reading time":"1 minute"},"schema":{"@context":"https:\/\/schema.org","@graph":[{"@type":"WebPage","@id":"http:\/\/ibd-gmbh.info\/en\/unternehmen\/geschichte\/","url":"http:\/\/ibd-gmbh.info\/en\/unternehmen\/geschichte\/","name":"Geschichte - IBD Ingenieur-B\u00fcro Dorfner GmbH","isPartOf":{"@id":"http:\/\/ibd-gmbh.info\/en\/#website"},"datePublished":"2024-08-04T20:31:40+00:00","dateModified":"2025-05-26T14:20:05+00:00","description":"Das Ingenieurb\u00fcro wurde 1992 als Pharmaservice G\u00f6nnebek durch Herrn Manfred Dorfner gegr\u00fcndet und besch\u00e4ftigt sich seit dieser Zeit mit Dienstleistungen auf dem Gebiet der Partikelmesstechnik.","breadcrumb":{"@id":"http:\/\/ibd-gmbh.info\/en\/unternehmen\/geschichte\/#breadcrumb"},"inLanguage":"en-US","potentialAction":[{"@type":"ReadAction","target":["http:\/\/ibd-gmbh.info\/en\/unternehmen\/geschichte\/"]}]},{"@type":"BreadcrumbList","@id":"http:\/\/ibd-gmbh.info\/en\/unternehmen\/geschichte\/#breadcrumb","itemListElement":[{"@type":"ListItem","position":1,"name":"Home","item":"http:\/\/ibd-gmbh.info\/en\/"},{"@type":"ListItem","position":2,"name":"Unternehmen","item":"http:\/\/ibd-gmbh.info\/en\/de\/unternehmen\/"},{"@type":"ListItem","position":3,"name":"Geschichte"}]},{"@type":"WebSite","@id":"http:\/\/ibd-gmbh.info\/en\/#website","url":"http:\/\/ibd-gmbh.info\/en\/","name":"IBD Ingenieur-B\u00fcro Dorfner GmbH","description":"Dienstleistungen f\u00fcr den Reinraum","publisher":{"@id":"http:\/\/ibd-gmbh.info\/en\/#organization"},"potentialAction":[{"@type":"SearchAction","target":{"@type":"EntryPoint","urlTemplate":"http:\/\/ibd-gmbh.info\/en\/?s={search_term_string}"},"query-input":{"@type":"PropertyValueSpecification","valueRequired":true,"valueName":"search_term_string"}}],"inLanguage":"en-US"},{"@type":"Organization","@id":"http:\/\/ibd-gmbh.info\/en\/#organization","name":"KKR GmbH","url":"http:\/\/ibd-gmbh.info\/en\/","logo":{"@type":"ImageObject","inLanguage":"en-US","@id":"http:\/\/ibd-gmbh.info\/en\/#\/schema\/logo\/image\/","url":"http:\/\/ibd-gmbh.info\/en\/wp-content\/uploads\/2025\/05\/banners-Website-IBD-2025.jpg","contentUrl":"http:\/\/ibd-gmbh.info\/en\/wp-content\/uploads\/2025\/05\/banners-Website-IBD-2025.jpg","width":512,"height":512,"caption":"KKR GmbH"},"image":{"@id":"http:\/\/ibd-gmbh.info\/en\/#\/schema\/logo\/image\/"}}]}},"uagb_featured_image_src":{"full":false,"thumbnail":false,"medium":false,"medium_large":false,"large":false,"1536x1536":false,"2048x2048":false},"uagb_author_info":{"display_name":"is","author_link":"http:\/\/ibd-gmbh.info\/en\/author\/is\/"},"uagb_comment_info":0,"uagb_excerpt":"Geschichte Das Ingenieurb\u00fcro wurde 1992 als Pharmaservice G\u00f6nnebek durch Herrn Manfred Dorfner gegr\u00fcndet und besch\u00e4ftigt sich seit dieser Zeit mit Dienstleistungen auf dem Gebiet der Partikelmesstechnik. 1993 elektronische Partikelauswertung1995\/96 Einsatz robotergest\u00fctzte Messverfahren1998 Zertifizierung DIN ISO:90001999 Grafische Darstellung der Messergebnisse2000 Gr\u00fcndung der IBD GmbH2002 Verlegung Firmensitz nach Langen2002 Eigene SoftwareentwicklungLaPartMon f\u00fcr die Auswertung und Verwaltung der&hellip;","_links":{"self":[{"href":"http:\/\/ibd-gmbh.info\/en\/wp-json\/wp\/v2\/pages\/2183","targetHints":{"allow":["GET"]}}],"collection":[{"href":"http:\/\/ibd-gmbh.info\/en\/wp-json\/wp\/v2\/pages"}],"about":[{"href":"http:\/\/ibd-gmbh.info\/en\/wp-json\/wp\/v2\/types\/page"}],"author":[{"embeddable":true,"href":"http:\/\/ibd-gmbh.info\/en\/wp-json\/wp\/v2\/users\/1"}],"replies":[{"embeddable":true,"href":"http:\/\/ibd-gmbh.info\/en\/wp-json\/wp\/v2\/comments?post=2183"}],"version-history":[{"count":0,"href":"http:\/\/ibd-gmbh.info\/en\/wp-json\/wp\/v2\/pages\/2183\/revisions"}],"up":[{"embeddable":true,"href":"http:\/\/ibd-gmbh.info\/en\/wp-json\/wp\/v2\/pages\/2893"}],"wp:attachment":[{"href":"http:\/\/ibd-gmbh.info\/en\/wp-json\/wp\/v2\/media?parent=2183"}],"curies":[{"name":"wp","href":"https:\/\/api.w.org\/{rel}","templated":true}]}}