{"id":2891,"date":"2024-11-21T21:47:52","date_gmt":"2024-11-21T20:47:52","guid":{"rendered":"http:\/\/ibd-gmbh.info\/en\/?page_id=2891"},"modified":"2025-05-26T16:22:26","modified_gmt":"2025-05-26T14:22:26","slug":"leistungen","status":"publish","type":"page","link":"http:\/\/ibd-gmbh.info\/en\/leistungen\/","title":{"rendered":"Leistungen"},"content":{"rendered":"\n<p class=\"has-text-color has-link-color wp-elements-2a77e2e07520dbc5846abb0cf272ab95\" style=\"color:#245dab;font-size:30px\">Leistungen<\/p>\n\n\n\n<p>Die Ingenieurb\u00fcro-Dorfner GmbH ist Ihr Partner f\u00fcr die Bereiche der physikalischen Validierungen in Reinr\u00e4umen.<br>Mit einem Team von erfahrenen Ingenieuren und Spezialisten entwickeln wir f\u00fcr Sie pass-genaue technologische L\u00f6sungen. Dabei stehen Ihre individuellen Prozesse und Anforderung-en immer im Mittelpunkt. Unsere Schwerpunkte liegen dabei in der Pharmabranche bei der Durchf\u00fchrung von Qualifizierungen, Requalifizierungen sowie wiederkehrenden Ma\u00dfnah\u00acmen.<\/p>\n\n\n\n<p><strong>Filterintegrit\u00e4tstest<\/strong><br>Automatisierter Filterintegrit\u00e4tstest an endst\u00e4ndigen Filtermodulen, LF-Modulen, Hei\u00dfluftschr\u00e4nken, Sterilisiertunneln sowie Sonderanlagen.<\/p>\n\n\n\n<p><strong>Reinraumklassenbestimmung<\/strong><br>Durchf\u00fchrung von Partikelmessungen in Reinr\u00e4umen \u201eat rest\u201c zum Nachweis der Reinraumklasse.<\/p>\n\n\n\n<p><strong>Erholzeitmessungen<\/strong><br>Durchf\u00fchrung von automatisierten Erholzeitmessungen in Reinr\u00e4umen \u00fcber unser datenbankbasiertes Monitoring-SystemLaPartMon mit sekundengenauer Bewertung.<\/p>\n\n\n\n<p><strong>Partikelmonitoring<\/strong><br>Durchf\u00fchrung von Partikelmonitoring in Reinr\u00e4umen \u201ein operation\u201c sowie Partikelmonitoring in Druckluft- bzw. Stickstoffsystemen.<\/p>\n\n\n\n<p><strong>Str\u00f6mungsvisualisierungen<\/strong><br>Durchf\u00fchrung von Str\u00f6mungsvisualisierungen zur Darstellung von Luftbewegungen innerhalb von Reinr\u00e4umenmit Einbindung von positionsorientierten, kurzsequentigen Videofiles in Ihre pr\u00e4sentationsreife Dokumentation.<\/p>\n\n\n\n<p><strong>LaPartMon<\/strong><br>LaPartMon ist unser datenbankbasiertes Monitoring-System zur analytischen Kontrolle (Echtzeitvideo) der Partikelkontamination in Reinr\u00e4umen mit Anbindung an SAP.<\/p>\n\n\n\n<p><strong>Raumkennzahlen<\/strong><br>Messung und Ermittlung diverser Raumkennzahlen wie Luftwechselzahl, Temperatur, Feuchte, Differenzdruck, Beleuchtungsst\u00e4rke etc..<\/p>\n\n\n\n<p>Hervorzuhebende Projekte sind der automatisierte Filterintegrit\u00e4tstest mit RobotScan und das datenbankbasierte Monitoring-System LaPartmon zur analytischen Kontrolle (Echtzeitvideo) der Partikelkontamination in Reinr\u00e4umen.<br>Detailliertere Informationen zu unseren Dienstleistungen finden Sie auf dieser Homepage. Weiterf\u00fchrende Fragen beantworten wir Ihnen gerne in einem pers\u00f6nlichen Gespr\u00e4ch.<\/p>\n\n\n\n<p><\/p>\n","protected":false},"excerpt":{"rendered":"<p>Leistungen Die Ingenieurb\u00fcro-Dorfner GmbH ist Ihr Partner f\u00fcr die Bereiche der physikalischen Validierungen in Reinr\u00e4umen.Mit einem Team von erfahrenen Ingenieuren und Spezialisten entwickeln wir f\u00fcr Sie pass-genaue technologische L\u00f6sungen. Dabei stehen Ihre individuellen Prozesse und Anforderung-en immer im Mittelpunkt. Unsere Schwerpunkte liegen dabei in der Pharmabranche bei der Durchf\u00fchrung von Qualifizierungen, Requalifizierungen sowie wiederkehrenden Ma\u00dfnah\u00acmen. [&hellip;]<\/p>\n","protected":false},"author":1,"featured_media":0,"parent":0,"menu_order":0,"comment_status":"closed","ping_status":"closed","template":"","meta":{"_uag_custom_page_level_css":"","site-sidebar-layout":"default","site-content-layout":"","ast-site-content-layout":"default","site-content-style":"default","site-sidebar-style":"default","ast-global-header-display":"","ast-banner-title-visibility":"","ast-main-header-display":"","ast-hfb-above-header-display":"","ast-hfb-below-header-display":"","ast-hfb-mobile-header-display":"","site-post-title":"disabled","ast-breadcrumbs-content":"","ast-featured-img":"","footer-sml-layout":"","theme-transparent-header-meta":"","adv-header-id-meta":"","stick-header-meta":"","header-above-stick-meta":"","header-main-stick-meta":"","header-below-stick-meta":"","astra-migrate-meta-layouts":"set","ast-page-background-enabled":"default","ast-page-background-meta":{"desktop":{"background-color":"var(--ast-global-color-4)","background-image":"","background-repeat":"repeat","background-position":"center center","background-size":"auto","background-attachment":"scroll","background-type":"","background-media":"","overlay-type":"","overlay-color":"","overlay-opacity":"","overlay-gradient":""},"tablet":{"background-color":"","background-image":"","background-repeat":"repeat","background-position":"center center","background-size":"auto","background-attachment":"scroll","background-type":"","background-media":"","overlay-type":"","overlay-color":"","overlay-opacity":"","overlay-gradient":""},"mobile":{"background-color":"","background-image":"","background-repeat":"repeat","background-position":"center center","background-size":"auto","background-attachment":"scroll","background-type":"","background-media":"","overlay-type":"","overlay-color":"","overlay-opacity":"","overlay-gradient":""}},"ast-content-background-meta":{"desktop":{"background-color":"var(--ast-global-color-5)","background-image":"","background-repeat":"repeat","background-position":"center center","background-size":"auto","background-attachment":"scroll","background-type":"","background-media":"","overlay-type":"","overlay-color":"","overlay-opacity":"","overlay-gradient":""},"tablet":{"background-color":"var(--ast-global-color-5)","background-image":"","background-repeat":"repeat","background-position":"center center","background-size":"auto","background-attachment":"scroll","background-type":"","background-media":"","overlay-type":"","overlay-color":"","overlay-opacity":"","overlay-gradient":""},"mobile":{"background-color":"var(--ast-global-color-5)","background-image":"","background-repeat":"repeat","background-position":"center center","background-size":"auto","background-attachment":"scroll","background-type":"","background-media":"","overlay-type":"","overlay-color":"","overlay-opacity":"","overlay-gradient":""}},"footnotes":""},"class_list":["post-2891","page","type-page","status-publish","hentry"],"yoast_head":"<!-- This site is optimized with the Yoast SEO plugin v25.3 - https:\/\/yoast.com\/wordpress\/plugins\/seo\/ -->\n<title>Leistungen - IBD Ingenieur-B\u00fcro Dorfner GmbH<\/title>\n<meta name=\"description\" content=\"Die Ingenieurb\u00fcro-Dorfner GmbH ist Ihr Partner f\u00fcr die Bereiche der physikalischen Validierungen in Reinr\u00e4umen.Mit einem Team von erfahrenen Ingenieuren und Spezialisten entwickeln wir f\u00fcr Sie pass-genaue technologische L\u00f6sungen.\" \/>\n<meta name=\"robots\" content=\"index, follow, max-snippet:-1, max-image-preview:large, max-video-preview:-1\" \/>\n<link rel=\"canonical\" href=\"http:\/\/ibd-gmbh.info\/en\/leistungen\/\" \/>\n<meta property=\"og:locale\" content=\"en_US\" \/>\n<meta property=\"og:type\" content=\"article\" \/>\n<meta property=\"og:title\" content=\"Leistungen - IBD Ingenieur-B\u00fcro Dorfner GmbH\" \/>\n<meta property=\"og:description\" content=\"Die Ingenieurb\u00fcro-Dorfner GmbH ist Ihr Partner f\u00fcr die Bereiche der physikalischen Validierungen in Reinr\u00e4umen.Mit einem Team von erfahrenen Ingenieuren und Spezialisten entwickeln wir f\u00fcr Sie pass-genaue technologische L\u00f6sungen.\" \/>\n<meta property=\"og:url\" content=\"http:\/\/ibd-gmbh.info\/en\/leistungen\/\" \/>\n<meta property=\"og:site_name\" content=\"IBD Ingenieur-B\u00fcro Dorfner GmbH\" \/>\n<meta property=\"article:modified_time\" content=\"2025-05-26T14:22:26+00:00\" \/>\n<meta name=\"twitter:card\" content=\"summary_large_image\" \/>\n<meta name=\"twitter:label1\" content=\"Est. reading time\" \/>\n\t<meta name=\"twitter:data1\" content=\"1 minute\" \/>\n<script type=\"application\/ld+json\" class=\"yoast-schema-graph\">{\"@context\":\"https:\/\/schema.org\",\"@graph\":[{\"@type\":\"WebPage\",\"@id\":\"http:\/\/ibd-gmbh.info\/en\/leistungen\/\",\"url\":\"http:\/\/ibd-gmbh.info\/en\/leistungen\/\",\"name\":\"Leistungen - IBD Ingenieur-B\u00fcro Dorfner GmbH\",\"isPartOf\":{\"@id\":\"http:\/\/ibd-gmbh.info\/en\/#website\"},\"datePublished\":\"2024-11-21T20:47:52+00:00\",\"dateModified\":\"2025-05-26T14:22:26+00:00\",\"description\":\"Die Ingenieurb\u00fcro-Dorfner GmbH ist Ihr Partner f\u00fcr die Bereiche der physikalischen Validierungen in Reinr\u00e4umen.Mit einem Team von erfahrenen Ingenieuren und Spezialisten entwickeln wir f\u00fcr Sie pass-genaue technologische L\u00f6sungen.\",\"breadcrumb\":{\"@id\":\"http:\/\/ibd-gmbh.info\/en\/leistungen\/#breadcrumb\"},\"inLanguage\":\"en-US\",\"potentialAction\":[{\"@type\":\"ReadAction\",\"target\":[\"http:\/\/ibd-gmbh.info\/en\/leistungen\/\"]}]},{\"@type\":\"BreadcrumbList\",\"@id\":\"http:\/\/ibd-gmbh.info\/en\/leistungen\/#breadcrumb\",\"itemListElement\":[{\"@type\":\"ListItem\",\"position\":1,\"name\":\"Home\",\"item\":\"http:\/\/ibd-gmbh.info\/en\/\"},{\"@type\":\"ListItem\",\"position\":2,\"name\":\"Leistungen\"}]},{\"@type\":\"WebSite\",\"@id\":\"http:\/\/ibd-gmbh.info\/en\/#website\",\"url\":\"http:\/\/ibd-gmbh.info\/en\/\",\"name\":\"IBD Ingenieur-B\u00fcro Dorfner GmbH\",\"description\":\"Dienstleistungen f\u00fcr den Reinraum\",\"publisher\":{\"@id\":\"http:\/\/ibd-gmbh.info\/en\/#organization\"},\"potentialAction\":[{\"@type\":\"SearchAction\",\"target\":{\"@type\":\"EntryPoint\",\"urlTemplate\":\"http:\/\/ibd-gmbh.info\/en\/?s={search_term_string}\"},\"query-input\":{\"@type\":\"PropertyValueSpecification\",\"valueRequired\":true,\"valueName\":\"search_term_string\"}}],\"inLanguage\":\"en-US\"},{\"@type\":\"Organization\",\"@id\":\"http:\/\/ibd-gmbh.info\/en\/#organization\",\"name\":\"KKR GmbH\",\"url\":\"http:\/\/ibd-gmbh.info\/en\/\",\"logo\":{\"@type\":\"ImageObject\",\"inLanguage\":\"en-US\",\"@id\":\"http:\/\/ibd-gmbh.info\/en\/#\/schema\/logo\/image\/\",\"url\":\"http:\/\/ibd-gmbh.info\/en\/wp-content\/uploads\/2025\/05\/banners-Website-IBD-2025.jpg\",\"contentUrl\":\"http:\/\/ibd-gmbh.info\/en\/wp-content\/uploads\/2025\/05\/banners-Website-IBD-2025.jpg\",\"width\":512,\"height\":512,\"caption\":\"KKR GmbH\"},\"image\":{\"@id\":\"http:\/\/ibd-gmbh.info\/en\/#\/schema\/logo\/image\/\"}}]}<\/script>\n<!-- \/ Yoast SEO plugin. -->","yoast_head_json":{"title":"Leistungen - IBD Ingenieur-B\u00fcro Dorfner GmbH","description":"Die Ingenieurb\u00fcro-Dorfner GmbH ist Ihr Partner f\u00fcr die Bereiche der physikalischen Validierungen in Reinr\u00e4umen.Mit einem Team von erfahrenen Ingenieuren und Spezialisten entwickeln wir f\u00fcr Sie pass-genaue technologische L\u00f6sungen.","robots":{"index":"index","follow":"follow","max-snippet":"max-snippet:-1","max-image-preview":"max-image-preview:large","max-video-preview":"max-video-preview:-1"},"canonical":"http:\/\/ibd-gmbh.info\/en\/leistungen\/","og_locale":"en_US","og_type":"article","og_title":"Leistungen - IBD Ingenieur-B\u00fcro Dorfner GmbH","og_description":"Die Ingenieurb\u00fcro-Dorfner GmbH ist Ihr Partner f\u00fcr die Bereiche der physikalischen Validierungen in Reinr\u00e4umen.Mit einem Team von erfahrenen Ingenieuren und Spezialisten entwickeln wir f\u00fcr Sie pass-genaue technologische L\u00f6sungen.","og_url":"http:\/\/ibd-gmbh.info\/en\/leistungen\/","og_site_name":"IBD Ingenieur-B\u00fcro Dorfner GmbH","article_modified_time":"2025-05-26T14:22:26+00:00","twitter_card":"summary_large_image","twitter_misc":{"Est. reading time":"1 minute"},"schema":{"@context":"https:\/\/schema.org","@graph":[{"@type":"WebPage","@id":"http:\/\/ibd-gmbh.info\/en\/leistungen\/","url":"http:\/\/ibd-gmbh.info\/en\/leistungen\/","name":"Leistungen - IBD Ingenieur-B\u00fcro Dorfner GmbH","isPartOf":{"@id":"http:\/\/ibd-gmbh.info\/en\/#website"},"datePublished":"2024-11-21T20:47:52+00:00","dateModified":"2025-05-26T14:22:26+00:00","description":"Die Ingenieurb\u00fcro-Dorfner GmbH ist Ihr Partner f\u00fcr die Bereiche der physikalischen Validierungen in Reinr\u00e4umen.Mit einem Team von erfahrenen Ingenieuren und Spezialisten entwickeln wir f\u00fcr Sie pass-genaue technologische L\u00f6sungen.","breadcrumb":{"@id":"http:\/\/ibd-gmbh.info\/en\/leistungen\/#breadcrumb"},"inLanguage":"en-US","potentialAction":[{"@type":"ReadAction","target":["http:\/\/ibd-gmbh.info\/en\/leistungen\/"]}]},{"@type":"BreadcrumbList","@id":"http:\/\/ibd-gmbh.info\/en\/leistungen\/#breadcrumb","itemListElement":[{"@type":"ListItem","position":1,"name":"Home","item":"http:\/\/ibd-gmbh.info\/en\/"},{"@type":"ListItem","position":2,"name":"Leistungen"}]},{"@type":"WebSite","@id":"http:\/\/ibd-gmbh.info\/en\/#website","url":"http:\/\/ibd-gmbh.info\/en\/","name":"IBD Ingenieur-B\u00fcro Dorfner GmbH","description":"Dienstleistungen f\u00fcr den Reinraum","publisher":{"@id":"http:\/\/ibd-gmbh.info\/en\/#organization"},"potentialAction":[{"@type":"SearchAction","target":{"@type":"EntryPoint","urlTemplate":"http:\/\/ibd-gmbh.info\/en\/?s={search_term_string}"},"query-input":{"@type":"PropertyValueSpecification","valueRequired":true,"valueName":"search_term_string"}}],"inLanguage":"en-US"},{"@type":"Organization","@id":"http:\/\/ibd-gmbh.info\/en\/#organization","name":"KKR GmbH","url":"http:\/\/ibd-gmbh.info\/en\/","logo":{"@type":"ImageObject","inLanguage":"en-US","@id":"http:\/\/ibd-gmbh.info\/en\/#\/schema\/logo\/image\/","url":"http:\/\/ibd-gmbh.info\/en\/wp-content\/uploads\/2025\/05\/banners-Website-IBD-2025.jpg","contentUrl":"http:\/\/ibd-gmbh.info\/en\/wp-content\/uploads\/2025\/05\/banners-Website-IBD-2025.jpg","width":512,"height":512,"caption":"KKR GmbH"},"image":{"@id":"http:\/\/ibd-gmbh.info\/en\/#\/schema\/logo\/image\/"}}]}},"uagb_featured_image_src":{"full":false,"thumbnail":false,"medium":false,"medium_large":false,"large":false,"1536x1536":false,"2048x2048":false},"uagb_author_info":{"display_name":"is","author_link":"http:\/\/ibd-gmbh.info\/en\/author\/is\/"},"uagb_comment_info":0,"uagb_excerpt":"Leistungen Die Ingenieurb\u00fcro-Dorfner GmbH ist Ihr Partner f\u00fcr die Bereiche der physikalischen Validierungen in Reinr\u00e4umen.Mit einem Team von erfahrenen Ingenieuren und Spezialisten entwickeln wir f\u00fcr Sie pass-genaue technologische L\u00f6sungen. Dabei stehen Ihre individuellen Prozesse und Anforderung-en immer im Mittelpunkt. Unsere Schwerpunkte liegen dabei in der Pharmabranche bei der Durchf\u00fchrung von Qualifizierungen, Requalifizierungen sowie wiederkehrenden Ma\u00dfnah\u00acmen.&hellip;","_links":{"self":[{"href":"http:\/\/ibd-gmbh.info\/en\/wp-json\/wp\/v2\/pages\/2891","targetHints":{"allow":["GET"]}}],"collection":[{"href":"http:\/\/ibd-gmbh.info\/en\/wp-json\/wp\/v2\/pages"}],"about":[{"href":"http:\/\/ibd-gmbh.info\/en\/wp-json\/wp\/v2\/types\/page"}],"author":[{"embeddable":true,"href":"http:\/\/ibd-gmbh.info\/en\/wp-json\/wp\/v2\/users\/1"}],"replies":[{"embeddable":true,"href":"http:\/\/ibd-gmbh.info\/en\/wp-json\/wp\/v2\/comments?post=2891"}],"version-history":[{"count":0,"href":"http:\/\/ibd-gmbh.info\/en\/wp-json\/wp\/v2\/pages\/2891\/revisions"}],"wp:attachment":[{"href":"http:\/\/ibd-gmbh.info\/en\/wp-json\/wp\/v2\/media?parent=2891"}],"curies":[{"name":"wp","href":"https:\/\/api.w.org\/{rel}","templated":true}]}}