{"id":2893,"date":"2024-11-21T21:49:11","date_gmt":"2024-11-21T20:49:11","guid":{"rendered":"http:\/\/ibd-gmbh.info\/en\/?page_id=2893"},"modified":"2025-05-19T21:59:29","modified_gmt":"2025-05-19T19:59:29","slug":"unternehmen","status":"publish","type":"page","link":"http:\/\/ibd-gmbh.info\/en\/unternehmen\/","title":{"rendered":"Unternehmen"},"content":{"rendered":"\n<p class=\"has-text-color has-link-color wp-elements-5cbe9a0d591d15ca818284975fffb3fe\" style=\"color:#245dab;font-size:30px\">Unternehmen<\/p>\n\n\n\n<figure class=\"wp-block-image size-full\"><img decoding=\"async\" src=\"http:\/\/ibd-gmbh.info\/en\/wp-content\/uploads\/2025\/05\/kkr-frankfurt-ban.jpg\" alt=\"\" class=\"wp-image-3109\"\/><\/figure>\n\n\n\n<p>Die&nbsp;KKR GmbH ist ein zukunftsweisendes Technologieunternehmen mit den Schwerpunkten Klimatechnik, K\u00e4ltetechnik, Reinraumtechnik,&nbsp;MSR-Technik (Mess-, Steuer- und Regelungstechnik) sowie die Erbringung von entsprechendem Kundendienst 24h am Tag und 365 Tage im Jahr. Mit einem Team von hoch qualifizierten Spezialisten setzen wir f\u00fcr Sie komplexe technische Aufgabenstellungen um. Dabei gilt f\u00fcr uns der Grundsatz, die optimale L\u00f6sung f\u00fcr Ihre individuellen Prozesse zu entwickeln. Dank unserer fundierten technologischen Expertise in der Pharmabranche haben wir uns zudem als Dienstleister f\u00fcr GMP-Services in vielen Projekten bew\u00e4hrt.<\/p>\n\n\n\n<p>Namhafte Unternehmen der Pharmaindustrie, Telekommunikationsbranche, Energiewirtschaft und Organisationen der \u00f6ffentlichen Hand nutzen unsere Leistungen seit vielen Jahren. Und das mit gro\u00dfem Erfolg. F\u00fcr sie f\u00fchren wir Projekte sowohl in Deutschland als auch auf internationaler Ebene durch. Die&nbsp;KKR GmbH mit Sitz in Langen im Rhein-Main-Gebiet wird von Herrn Dipl.-Ing. Bastian Heberer gef\u00fchrt.<\/p>\n","protected":false},"excerpt":{"rendered":"<p>Unternehmen Die&nbsp;KKR GmbH ist ein zukunftsweisendes Technologieunternehmen mit den Schwerpunkten Klimatechnik, K\u00e4ltetechnik, Reinraumtechnik,&nbsp;MSR-Technik (Mess-, Steuer- und Regelungstechnik) sowie die Erbringung von entsprechendem Kundendienst 24h am Tag und 365 Tage im Jahr. Mit einem Team von hoch qualifizierten Spezialisten setzen wir f\u00fcr Sie komplexe technische Aufgabenstellungen um. Dabei gilt f\u00fcr uns der Grundsatz, die optimale L\u00f6sung [&hellip;]<\/p>\n","protected":false},"author":1,"featured_media":0,"parent":0,"menu_order":0,"comment_status":"closed","ping_status":"closed","template":"","meta":{"_uag_custom_page_level_css":"","site-sidebar-layout":"default","site-content-layout":"","ast-site-content-layout":"default","site-content-style":"default","site-sidebar-style":"default","ast-global-header-display":"","ast-banner-title-visibility":"","ast-main-header-display":"","ast-hfb-above-header-display":"","ast-hfb-below-header-display":"","ast-hfb-mobile-header-display":"","site-post-title":"disabled","ast-breadcrumbs-content":"","ast-featured-img":"","footer-sml-layout":"","theme-transparent-header-meta":"","adv-header-id-meta":"","stick-header-meta":"","header-above-stick-meta":"","header-main-stick-meta":"","header-below-stick-meta":"","astra-migrate-meta-layouts":"set","ast-page-background-enabled":"default","ast-page-background-meta":{"desktop":{"background-color":"var(--ast-global-color-4)","background-image":"","background-repeat":"repeat","background-position":"center center","background-size":"auto","background-attachment":"scroll","background-type":"","background-media":"","overlay-type":"","overlay-color":"","overlay-opacity":"","overlay-gradient":""},"tablet":{"background-color":"","background-image":"","background-repeat":"repeat","background-position":"center center","background-size":"auto","background-attachment":"scroll","background-type":"","background-media":"","overlay-type":"","overlay-color":"","overlay-opacity":"","overlay-gradient":""},"mobile":{"background-color":"","background-image":"","background-repeat":"repeat","background-position":"center center","background-size":"auto","background-attachment":"scroll","background-type":"","background-media":"","overlay-type":"","overlay-color":"","overlay-opacity":"","overlay-gradient":""}},"ast-content-background-meta":{"desktop":{"background-color":"var(--ast-global-color-5)","background-image":"","background-repeat":"repeat","background-position":"center center","background-size":"auto","background-attachment":"scroll","background-type":"","background-media":"","overlay-type":"","overlay-color":"","overlay-opacity":"","overlay-gradient":""},"tablet":{"background-color":"var(--ast-global-color-5)","background-image":"","background-repeat":"repeat","background-position":"center center","background-size":"auto","background-attachment":"scroll","background-type":"","background-media":"","overlay-type":"","overlay-color":"","overlay-opacity":"","overlay-gradient":""},"mobile":{"background-color":"var(--ast-global-color-5)","background-image":"","background-repeat":"repeat","background-position":"center center","background-size":"auto","background-attachment":"scroll","background-type":"","background-media":"","overlay-type":"","overlay-color":"","overlay-opacity":"","overlay-gradient":""}},"footnotes":""},"class_list":["post-2893","page","type-page","status-publish","hentry"],"yoast_head":"<!-- This site is optimized with the Yoast SEO plugin v25.3 - https:\/\/yoast.com\/wordpress\/plugins\/seo\/ -->\n<title>Unternehmen - IBD Ingenieur-B\u00fcro Dorfner GmbH<\/title>\n<meta name=\"description\" content=\"Die\u00a0KKR GmbH ist ein zukunftsweisendes Technologieunternehmen mit den Schwerpunkten Klimatechnik, K\u00e4ltetechnik, Reinraumtechnik,\u00a0MSR-Technik (Mess-, Steuer- und Regelungstechnik) sowie die Erbringung von entsprechendem\" \/>\n<meta name=\"robots\" content=\"index, follow, max-snippet:-1, max-image-preview:large, max-video-preview:-1\" \/>\n<link rel=\"canonical\" href=\"http:\/\/ibd-gmbh.info\/en\/de\/unternehmen\/\" \/>\n<meta property=\"og:locale\" content=\"en_US\" \/>\n<meta property=\"og:type\" content=\"article\" \/>\n<meta property=\"og:title\" content=\"Unternehmen - IBD Ingenieur-B\u00fcro Dorfner GmbH\" \/>\n<meta property=\"og:description\" content=\"Die\u00a0KKR GmbH ist ein zukunftsweisendes Technologieunternehmen mit den Schwerpunkten Klimatechnik, K\u00e4ltetechnik, Reinraumtechnik,\u00a0MSR-Technik (Mess-, Steuer- und Regelungstechnik) sowie die Erbringung von entsprechendem\" \/>\n<meta property=\"og:url\" content=\"http:\/\/ibd-gmbh.info\/en\/de\/unternehmen\/\" \/>\n<meta property=\"og:site_name\" content=\"IBD Ingenieur-B\u00fcro Dorfner GmbH\" \/>\n<meta property=\"article:modified_time\" content=\"2025-05-19T19:59:29+00:00\" \/>\n<meta name=\"twitter:card\" content=\"summary_large_image\" \/>\n<meta name=\"twitter:label1\" content=\"Est. reading time\" \/>\n\t<meta name=\"twitter:data1\" content=\"1 minute\" \/>\n<script type=\"application\/ld+json\" class=\"yoast-schema-graph\">{\"@context\":\"https:\/\/schema.org\",\"@graph\":[{\"@type\":\"WebPage\",\"@id\":\"http:\/\/ibd-gmbh.info\/en\/de\/unternehmen\/\",\"url\":\"http:\/\/ibd-gmbh.info\/en\/de\/unternehmen\/\",\"name\":\"Unternehmen - IBD Ingenieur-B\u00fcro Dorfner GmbH\",\"isPartOf\":{\"@id\":\"http:\/\/ibd-gmbh.info\/en\/#website\"},\"primaryImageOfPage\":{\"@id\":\"http:\/\/ibd-gmbh.info\/en\/de\/unternehmen\/#primaryimage\"},\"image\":{\"@id\":\"http:\/\/ibd-gmbh.info\/en\/de\/unternehmen\/#primaryimage\"},\"thumbnailUrl\":\"http:\/\/ibd-gmbh.info\/en\/wp-content\/uploads\/2025\/05\/kkr-frankfurt-ban.jpg\",\"datePublished\":\"2024-11-21T20:49:11+00:00\",\"dateModified\":\"2025-05-19T19:59:29+00:00\",\"description\":\"Die\u00a0KKR GmbH ist ein zukunftsweisendes Technologieunternehmen mit den Schwerpunkten Klimatechnik, K\u00e4ltetechnik, Reinraumtechnik,\u00a0MSR-Technik (Mess-, Steuer- und Regelungstechnik) sowie die Erbringung von entsprechendem\",\"breadcrumb\":{\"@id\":\"http:\/\/ibd-gmbh.info\/en\/de\/unternehmen\/#breadcrumb\"},\"inLanguage\":\"en-US\",\"potentialAction\":[{\"@type\":\"ReadAction\",\"target\":[\"http:\/\/ibd-gmbh.info\/en\/de\/unternehmen\/\"]}]},{\"@type\":\"ImageObject\",\"inLanguage\":\"en-US\",\"@id\":\"http:\/\/ibd-gmbh.info\/en\/de\/unternehmen\/#primaryimage\",\"url\":\"\",\"contentUrl\":\"\"},{\"@type\":\"BreadcrumbList\",\"@id\":\"http:\/\/ibd-gmbh.info\/en\/de\/unternehmen\/#breadcrumb\",\"itemListElement\":[{\"@type\":\"ListItem\",\"position\":1,\"name\":\"Home\",\"item\":\"http:\/\/ibd-gmbh.info\/en\/\"},{\"@type\":\"ListItem\",\"position\":2,\"name\":\"Unternehmen\"}]},{\"@type\":\"WebSite\",\"@id\":\"http:\/\/ibd-gmbh.info\/en\/#website\",\"url\":\"http:\/\/ibd-gmbh.info\/en\/\",\"name\":\"IBD Ingenieur-B\u00fcro Dorfner GmbH\",\"description\":\"Dienstleistungen f\u00fcr den Reinraum\",\"publisher\":{\"@id\":\"http:\/\/ibd-gmbh.info\/en\/#organization\"},\"potentialAction\":[{\"@type\":\"SearchAction\",\"target\":{\"@type\":\"EntryPoint\",\"urlTemplate\":\"http:\/\/ibd-gmbh.info\/en\/?s={search_term_string}\"},\"query-input\":{\"@type\":\"PropertyValueSpecification\",\"valueRequired\":true,\"valueName\":\"search_term_string\"}}],\"inLanguage\":\"en-US\"},{\"@type\":\"Organization\",\"@id\":\"http:\/\/ibd-gmbh.info\/en\/#organization\",\"name\":\"KKR GmbH\",\"url\":\"http:\/\/ibd-gmbh.info\/en\/\",\"logo\":{\"@type\":\"ImageObject\",\"inLanguage\":\"en-US\",\"@id\":\"http:\/\/ibd-gmbh.info\/en\/#\/schema\/logo\/image\/\",\"url\":\"http:\/\/ibd-gmbh.info\/en\/wp-content\/uploads\/2025\/05\/banners-Website-IBD-2025.jpg\",\"contentUrl\":\"http:\/\/ibd-gmbh.info\/en\/wp-content\/uploads\/2025\/05\/banners-Website-IBD-2025.jpg\",\"width\":512,\"height\":512,\"caption\":\"KKR GmbH\"},\"image\":{\"@id\":\"http:\/\/ibd-gmbh.info\/en\/#\/schema\/logo\/image\/\"}}]}<\/script>\n<!-- \/ Yoast SEO plugin. -->","yoast_head_json":{"title":"Unternehmen - IBD Ingenieur-B\u00fcro Dorfner GmbH","description":"Die\u00a0KKR GmbH ist ein zukunftsweisendes Technologieunternehmen mit den Schwerpunkten Klimatechnik, K\u00e4ltetechnik, Reinraumtechnik,\u00a0MSR-Technik (Mess-, Steuer- und Regelungstechnik) sowie die Erbringung von entsprechendem","robots":{"index":"index","follow":"follow","max-snippet":"max-snippet:-1","max-image-preview":"max-image-preview:large","max-video-preview":"max-video-preview:-1"},"canonical":"http:\/\/ibd-gmbh.info\/en\/de\/unternehmen\/","og_locale":"en_US","og_type":"article","og_title":"Unternehmen - IBD Ingenieur-B\u00fcro Dorfner GmbH","og_description":"Die\u00a0KKR GmbH ist ein zukunftsweisendes Technologieunternehmen mit den Schwerpunkten Klimatechnik, K\u00e4ltetechnik, Reinraumtechnik,\u00a0MSR-Technik (Mess-, Steuer- und Regelungstechnik) sowie die Erbringung von entsprechendem","og_url":"http:\/\/ibd-gmbh.info\/en\/de\/unternehmen\/","og_site_name":"IBD Ingenieur-B\u00fcro Dorfner GmbH","article_modified_time":"2025-05-19T19:59:29+00:00","twitter_card":"summary_large_image","twitter_misc":{"Est. reading time":"1 minute"},"schema":{"@context":"https:\/\/schema.org","@graph":[{"@type":"WebPage","@id":"http:\/\/ibd-gmbh.info\/en\/de\/unternehmen\/","url":"http:\/\/ibd-gmbh.info\/en\/de\/unternehmen\/","name":"Unternehmen - IBD Ingenieur-B\u00fcro Dorfner GmbH","isPartOf":{"@id":"http:\/\/ibd-gmbh.info\/en\/#website"},"primaryImageOfPage":{"@id":"http:\/\/ibd-gmbh.info\/en\/de\/unternehmen\/#primaryimage"},"image":{"@id":"http:\/\/ibd-gmbh.info\/en\/de\/unternehmen\/#primaryimage"},"thumbnailUrl":"http:\/\/ibd-gmbh.info\/en\/wp-content\/uploads\/2025\/05\/kkr-frankfurt-ban.jpg","datePublished":"2024-11-21T20:49:11+00:00","dateModified":"2025-05-19T19:59:29+00:00","description":"Die\u00a0KKR GmbH ist ein zukunftsweisendes Technologieunternehmen mit den Schwerpunkten Klimatechnik, K\u00e4ltetechnik, Reinraumtechnik,\u00a0MSR-Technik (Mess-, Steuer- und Regelungstechnik) sowie die Erbringung von entsprechendem","breadcrumb":{"@id":"http:\/\/ibd-gmbh.info\/en\/de\/unternehmen\/#breadcrumb"},"inLanguage":"en-US","potentialAction":[{"@type":"ReadAction","target":["http:\/\/ibd-gmbh.info\/en\/de\/unternehmen\/"]}]},{"@type":"ImageObject","inLanguage":"en-US","@id":"http:\/\/ibd-gmbh.info\/en\/de\/unternehmen\/#primaryimage","url":"","contentUrl":""},{"@type":"BreadcrumbList","@id":"http:\/\/ibd-gmbh.info\/en\/de\/unternehmen\/#breadcrumb","itemListElement":[{"@type":"ListItem","position":1,"name":"Home","item":"http:\/\/ibd-gmbh.info\/en\/"},{"@type":"ListItem","position":2,"name":"Unternehmen"}]},{"@type":"WebSite","@id":"http:\/\/ibd-gmbh.info\/en\/#website","url":"http:\/\/ibd-gmbh.info\/en\/","name":"IBD Ingenieur-B\u00fcro Dorfner GmbH","description":"Dienstleistungen f\u00fcr den Reinraum","publisher":{"@id":"http:\/\/ibd-gmbh.info\/en\/#organization"},"potentialAction":[{"@type":"SearchAction","target":{"@type":"EntryPoint","urlTemplate":"http:\/\/ibd-gmbh.info\/en\/?s={search_term_string}"},"query-input":{"@type":"PropertyValueSpecification","valueRequired":true,"valueName":"search_term_string"}}],"inLanguage":"en-US"},{"@type":"Organization","@id":"http:\/\/ibd-gmbh.info\/en\/#organization","name":"KKR GmbH","url":"http:\/\/ibd-gmbh.info\/en\/","logo":{"@type":"ImageObject","inLanguage":"en-US","@id":"http:\/\/ibd-gmbh.info\/en\/#\/schema\/logo\/image\/","url":"http:\/\/ibd-gmbh.info\/en\/wp-content\/uploads\/2025\/05\/banners-Website-IBD-2025.jpg","contentUrl":"http:\/\/ibd-gmbh.info\/en\/wp-content\/uploads\/2025\/05\/banners-Website-IBD-2025.jpg","width":512,"height":512,"caption":"KKR GmbH"},"image":{"@id":"http:\/\/ibd-gmbh.info\/en\/#\/schema\/logo\/image\/"}}]}},"uagb_featured_image_src":{"full":false,"thumbnail":false,"medium":false,"medium_large":false,"large":false,"1536x1536":false,"2048x2048":false},"uagb_author_info":{"display_name":"is","author_link":"http:\/\/ibd-gmbh.info\/en\/author\/is\/"},"uagb_comment_info":0,"uagb_excerpt":"Unternehmen Die&nbsp;KKR GmbH ist ein zukunftsweisendes Technologieunternehmen mit den Schwerpunkten Klimatechnik, K\u00e4ltetechnik, Reinraumtechnik,&nbsp;MSR-Technik (Mess-, Steuer- und Regelungstechnik) sowie die Erbringung von entsprechendem Kundendienst 24h am Tag und 365 Tage im Jahr. Mit einem Team von hoch qualifizierten Spezialisten setzen wir f\u00fcr Sie komplexe technische Aufgabenstellungen um. Dabei gilt f\u00fcr uns der Grundsatz, die optimale L\u00f6sung&hellip;","_links":{"self":[{"href":"http:\/\/ibd-gmbh.info\/en\/wp-json\/wp\/v2\/pages\/2893","targetHints":{"allow":["GET"]}}],"collection":[{"href":"http:\/\/ibd-gmbh.info\/en\/wp-json\/wp\/v2\/pages"}],"about":[{"href":"http:\/\/ibd-gmbh.info\/en\/wp-json\/wp\/v2\/types\/page"}],"author":[{"embeddable":true,"href":"http:\/\/ibd-gmbh.info\/en\/wp-json\/wp\/v2\/users\/1"}],"replies":[{"embeddable":true,"href":"http:\/\/ibd-gmbh.info\/en\/wp-json\/wp\/v2\/comments?post=2893"}],"version-history":[{"count":0,"href":"http:\/\/ibd-gmbh.info\/en\/wp-json\/wp\/v2\/pages\/2893\/revisions"}],"wp:attachment":[{"href":"http:\/\/ibd-gmbh.info\/en\/wp-json\/wp\/v2\/media?parent=2893"}],"curies":[{"name":"wp","href":"https:\/\/api.w.org\/{rel}","templated":true}]}}